{"id":908,"date":"2013-10-15T21:49:23","date_gmt":"2013-10-15T19:49:23","guid":{"rendered":"http:\/\/berdich-handball.de\/?page_id=908"},"modified":"2014-01-14T21:44:14","modified_gmt":"2014-01-14T19:44:14","slug":"14-12-13-in-zirndorf","status":"publish","type":"page","link":"http:\/\/berdich-handball.de\/?page_id=908","title":{"rendered":"14.12.13 in Zirndorf"},"content":{"rendered":"<p><span style=\"color: #363636;\"><b>Kinderhandball im Dezember<\/b><\/span><br \/>\n<span>Geschrieben am Dienstag, 07.Januar von Unbekannter Benutzer<\/span><br \/>\n<a href=\"http:\/\/www.hg-zirndorf.de\/search.php?query=&amp;topic=7\"><img decoding=\"async\" alt=\"Spielberichte aus der Jugendabteilung\" src=\"http:\/\/www.hg-zirndorf.de\/images\/topics\/spielbju.gif\" align=\"right\" border=\"0\" hspace=\"10\" vspace=\"10\" \/><\/a><\/p>\n<p>Am 07.12. war ein E1 Turnier in Stadeln. Am folgenden Wochenende spielten die Mini I sowie beide E-Jugendteams und f\u00fcr alle gab es die Weihnachtsfeier.<\/p>\n<h3><em><br \/>\nJetzt mit Fotos&#8230;<br \/>\n<\/em><\/h3>\n<p><span><span><\/p>\n<p><\/span><\/span><\/p>\n<p>Am 07.12. trat die E1 in Bestbesetzung an. Mit einem \u00fcbermotivierten Trainer und einer unglaublich schnell kombinierenden Mannschaft wurde der HC Cadolzburg f\u00f6rmlich zerlegt. Im Nachhinein d\u00e4mmerte dem Trainer auch, dass man im Kinderhandball vielleicht etwas um Ausgleich bem\u00fcht sein sollte. Immerhin gelang dem HC ein Ehrentreffer.<\/p>\n<p><strong>Tore f\u00fcr die HG:<\/strong> <em>Tim (3), Julian (4), Teo (1), Lucca (3), Kai (2), Denis (4), David (1)<\/em><\/p>\n<p>Im zweiten Spiel wurde etwas \u201ep\u00e4dagogischer\u201c gewechselt, so dass die Altenfurter etwas besser mithalten konnten. So ging das Spiel mit \u201enur\u201c acht Treffern Unterschied zu unseren Gunsten aus. Bemerkenswert ist, dass unser j\u00fcngster David, der von seinem Alter her immerhin noch Minis spielen d\u00fcrfte, zwei Treffer erzielte. <strong><\/p>\n<p>Tore f\u00fcr die HG:<\/strong> <em>Lucas (3), Kai (2), Denis (1), David (2)<\/em><\/p>\n<p>Im dritten Spiel hatten die HGler etwas Ladehemmung gegen Puschendorf. Trotz klarer \u00dcberlegenheit gestaltete sich das Spiel nicht so deutlich wie erhofft. Dennoch traf man dreimal so h\u00e4ufig wie der Gegner. <strong><\/p>\n<p>Tore f\u00fcr die HG:<\/strong> <em>Lucca (2), Tim (2), Denis (1), Julian (1), Teo (1)<\/em><\/p>\n<p>Im letzten Spiel sollte es gegen den st\u00e4rksten Gegner an diesem Tage gehen, den MTV Stadeln. In der ersten H\u00e4lfte begegneten sich beide Teams auf Augenh\u00f6he. Erst im zweiten Spielabschnitt konnte sich die HG mit sch\u00f6nen Spielz\u00fcgen einen Vorteil herausspielen. Am Ende war zwar ein Viertoreabstand auf dem Zettel, aber nun wei\u00df man, dass einen Gegner gibt, der uns an einem guten Tag gef\u00e4hrlich werden konnte. <strong><\/p>\n<p>Tore f\u00fcr die HG:<\/strong> <em>Tim (2), Julian (3), Lucca (1), Kai (2)<\/em><\/p>\n<p><strong>Am 14.12. war Gro\u00dfkampftag im Kinderhandball<\/strong><br \/>\nZuerst spielten die Minis. Diese bekamen es mit dem TV Bad Windsheim und dem TV Ro\u00dftal zu tun. Schade war, dass der TV Lichtenau so kurzfristig abgesagt hatte, dass wir unsere Mini 2 nicht mehr aktivieren konnten und so eine Doppelrunde spielen mussten. Im ersten Spiel gegen den vermeintlich st\u00e4rkeren TV Ro\u00dftal erk\u00e4mpfte sich das Team um die Leitw\u00f6lfe Luca Dewald und Emil Wilhelm ein beachtliches Unentschieden. Im Spiel gegen den von weit angereisten TV Bad Windsheim, die ihr erstes Turnier hatten, zeigten die Zirndorfer Minis, dass man diese Saison, obwohl man nur mit dem j\u00fcngeren Jahrgang antritt, mit ihnen rechnen muss. Gegen die unerfahrenen Windsheimer erzielten die HGler ein ums andere Tor. Auch der zwei Jahre j\u00fcngere, aber wendige Fritz Wilhelm erzielte ein sch\u00f6nes Aufsetzertor. Danach ging es noch einmal gegen dieselben Gegner. Leider zeigte sich Ro\u00dftal diesmal von seiner konsequenteren Seite und erreichte einen klaren Sieg.<br \/>\nBad Windsheim konnte erneut deutlich bezwungen werden.<\/p>\n<p>In der zweiten Gruppe des Tages trat die E2 unter ihrem neuen Trainer \u201eKalle\u201c an. Die E2 hatte den TSV Rothenburg locker im Griff. Aileen J\u00e4ger schlug mit einem Doppelpack jeweils knapp unter der Latte los. Eugen hielt im Tor fest, was festzuhalten war und die gesamte Mannschaft zeigte eine enorm engagierte und aggressive Abwehrarbeit. Jakob Hubmann gl\u00e4nzte als Spielgestalter und Torj\u00e4ger. Das Spiel ging an die HG. <strong><\/p>\n<p>Tore f\u00fcr die HG: <\/strong><em>Aileen (2), Jakob (1), Valentin (2), Jan (1)<\/em><\/p>\n<p>Im zweiten Spiel gegen Wendelstein gab es nach einem sehenswerten Treffer von Valentin Miksch eine Schrecksekunde. Nach kurzer Stille gab es einen gellenden Schmerzensschrei. Valentin war beim Wurf mit einem Gegner zusammengesto\u00dfen und zog sich eine schmerzhafte Prellung zu. Gl\u00fccklicherweise konnte er sp\u00e4ter weiterspielen. F\u00fcr ihn sprang Jan R\u00fcbenach in die Bresche und erzielte nach tollem Abwehreinsatz zwei Tore in Folge. Die Zuordnung der Manndeckung passte perfekt und lie\u00df dem Gegner kaum Chancen \u00fcberhaupt zum Wurf zu kommen. Mit einem sch\u00f6nen Heber schloss Jonas J\u00e4ger das Spiel zum Sieg ab. <strong><\/p>\n<p>Tore f\u00fcr die HG:<\/strong> <em>Valentin (1), Aileen (1), Jan (2), Jonas (1)<\/em><\/p>\n<p>Nach zwei Spielen Pause kam der SV Puschendorf. Vor zwei Wochen verlor man alle drei Spiele in der Prei\u00dflerhalle. Aber im letzten Spiel deutete sich schon eine Trendwende an. Nun sollte sich zeigen, ob dieser Trend tats\u00e4chlich anhielt. Valentin markierte den ersten Treffer f\u00fcr die HG und setzte nach einem sch\u00f6nen Steal noch ein zweites Tor drauf. Auch David erzielte ein klasse Tor, nachdem er die Woche zuvor sogar in der E1 gezeigt hat, dass er es kann. Und auch Luca aus den Minis, der uns aushalf, erzielte einen sehenswerten Treffer. Mit einem Tempogegesto\u00df legte Jan noch ein Tor drauf und der SV Puschendorf konnte diesmal mit drei Toren auf Abstand gehalten werden.<\/p>\n<p><strong>Tore f\u00fcr die HG: <\/strong><em>Valentin (2), David (2), Jan (2), Luca (1)<\/em> Mit diesem Sieg war die verlustfreie E2 an diesem Tag die beste Mannschaft in diesem Block.<\/p>\n<p><img loading=\"lazy\" decoding=\"async\" alt=\"\" src=\"http:\/\/www.hg-zirndorf.de\/images\/Berichte\/e_2013-12-14_kalle.jpg\" width=\"600\" height=\"945\" align=\"bottom\" \/><\/p>\n<p>Im dritten Block des Tages spielte die E1. Leider gab es aus unterschiedlichsten Gr\u00fcnden f\u00fcnf Absagen, so dass ohne die Hilfe von Valentin, Jakob und Jan die E1 gar nicht h\u00e4tte vollst\u00e4ndig auflaufen k\u00f6nnen. So musste auf einigen Positionen umgestellt werden. Dies verunsicherte einige Spieler und auch leichte P\u00e4sse wurden teilweise nicht gefangen. Gegen starke Gegner wie Tuspo N\u00fcrnberg und den MTV Stadeln sind unter diesen Voraussetzungen nat\u00fcrlich keine Blument\u00f6pfe zu gewinnen. Gegen Tuspo nahmen nur Kai Braunbart und Lars Gilarek den k\u00f6rperlichen Kampf an. Lars erzielte zwei wundersch\u00f6ne R\u00fcckraumtore mit seinem fullminaten Wurf. Kai tankte sich zwei mal sch\u00f6n zwischen zwei Spielern durch. Aber es sollte nicht reichen an diesem Tag. So kam es zu einer knappen Niederlage gegen die N\u00fcrnberger und einer recht herben Schlappe gegen den MTV Stadeln, der sogar noch mit Puschendorfer Jungs erg\u00e4nzt wurde, sonst h\u00e4tten sie auch keine Mannschaft stellen k\u00f6nnen. <strong><\/p>\n<p>Tore gegen Tuspo N\u00fcrnberg:<\/strong> <em>Lars (2), Julian (3), Kai (2)<\/em> <strong><\/p>\n<p>Tore gegen Stadeln\/Puschendorf: <\/strong><em>Nora (1), Julian (1), Kai (2)<\/em><\/p>\n<p>In letzten Spiel gegen den TV Eibach 03 zeigte Julian endlich wieder sein gro\u00dfes handballerisches Talent und erzielte Tore nach belieben. Zusammen mit Lars bringt er die HG auf die Siegerstra\u00dfe. Lucas D\u00f6rrer im Tor lie\u00df bis zur Halbzeit keinen Gegentreffer zu. Auch Nora Sch\u00f6pe zeigte wieder ihre Bissigkeit und erzielte nach einem Haken zur Hand ein tolles Tor flach ins lange Eck.<\/p>\n<p><strong>Tore gegen TV Eibach:<\/strong> <em>Lars (3), Nora (1), Julian (6), Kai (1)<\/em><\/p>\n<p><img loading=\"lazy\" decoding=\"async\" alt=\"\" src=\"http:\/\/www.hg-zirndorf.de\/images\/Berichte\/e_2013-12-14_xmas.jpg\" width=\"600\" height=\"663\" align=\"bottom\" \/><\/p>\n<p>Im Anschluss an das Turnier fand die Kinderweihnachtsfeier der HG statt. Zuerst gab es eine Schatzsuche rund um die alte Veste. Jede Mannschaft hatte ihre eigene \u201eSchnitzeljagdrute\u201c. Nach der Schatzsuche ging es mit einer Fackelwanderung hinunter zur Halle. Dort gab es Kinderpunsch, Gl\u00fchwein, W\u00fcrstchen, Kuchen und Pl\u00e4tzchen und trotz des Nieselregens war es eine angenehme Atmosph\u00e4re. Zu guter letzt kam das Gespann aus Jugendleiter und Christkind (Siggi Urban) und die Vertreter des F\u00f6rdervereins (Jochen Felbinger und Sarah Bauer) zum Zuge und \u00fcberreichten die Weihnachtsgeschenke an die Kinder der Handballfamilie aus Zirndorf.<\/p>\n<p><img loading=\"lazy\" decoding=\"async\" alt=\"\" src=\"http:\/\/www.hg-zirndorf.de\/images\/Berichte\/e_2013-12-14_taschen.jpg\" width=\"600\" height=\"296\" align=\"bottom\" \/><\/p>\n<p>E2 von 11.00 bis 13.00 Uhr (Treffpunkt 10.15 Uhr in der Jahnhalle):<br \/>\nZusage: Oliver, Valentin, David, Eugen, Jan-Felix, Jakob,\u00a0 Aileen,\u00a0 Jonas<br \/>\nAbsage: Valentina, Annika<\/p>\n<p>E1 von 13.00 bis 15.00 Uhr (Treffpunkt 12.15 Uhr in der Jahnhalle):<br \/>\nZusage: Lars, Nora, Kai Br., Valentin, Julian, Denis, Jakob, Lucas D\u00f6, Moritz<br \/>\nAbsage: Lucca, Teo, Tim, [Aushilfe in der Dm], Janis<\/p>\n<p>Handballverband Mittelfranken &#8211; Kinderhandball<br \/>\nMini1\/2<br \/>\n9:00 HG Zirndorf &#8211; TSV Lichtenau<br \/>\n9:20 TV Bad Windsheim &#8211; TV Ro\u00dftal<br \/>\n9:40 TV Ro\u00dftal &#8211; HG Zirndorf<br \/>\n10:00 TSV Lichtenau &#8211; TV Bad Windsheim<br \/>\n10:20 TV Ro\u00dftal &#8211; TSV Lichtenau<br \/>\n10:40 TV Bad Windsheim &#8211; HG Zirndorf<\/p>\n<p>E2<br \/>\n11:00 HG Zirndorf &#8211; TSV 2000 Rothenburg<br \/>\n11:20 1.FC Schwand &#8211; TSV Wendelstein<br \/>\n11:40 TSV Wendelstein &#8211; HG Zirndorf<br \/>\n12:00 TSV 2000 Rothenburg &#8211; 1.FC Schwand<br \/>\n12:20 TSV Wendelstein &#8211; TSV 2000 Rothenburg<br \/>\n12:40 1.FC Schwand &#8211; HG Zirndorf<\/p>\n<p>E1<br \/>\n11:00 HG Zirndorf &#8211; Tuspo N\u00fcrnberg<br \/>\n11:20 TV Eibach 03 &#8211; SV Puschendorf w<br \/>\n11:40 SV Puschendorf w &#8211; HG Zirndorf<br \/>\n12:00 Tuspo N\u00fcrnberg &#8211; TV Eibach 03<br \/>\n12:20 SV Puschendorf w &#8211; Tuspo N\u00fcrnberg<br \/>\n12:40 TV Eibach 03 &#8211; HG Zirndorf<\/p>\n<p>&nbsp;<\/p>\n<p>Benjamin und Luca Dew. werden ja wieder am Morgen eingesetzt und sind \u201eErsatzspieler\u201c falls es in der E2 Krankheitsbedingte Ausf\u00e4lle gibt.<\/p>\n","protected":false},"excerpt":{"rendered":"<p>Kinderhandball im Dezember Geschrieben am Dienstag, 07.Januar von Unbekannter Benutzer Am 07.12. war ein E1 Turnier in Stadeln. Am folgenden Wochenende spielten die Mini I sowie beide E-Jugendteams und f\u00fcr alle gab es die Weihnachtsfeier. Jetzt mit Fotos&#8230; Am 07.12. &hellip; <a href=\"http:\/\/berdich-handball.de\/?page_id=908\">Continue reading <span class=\"meta-nav\">&rarr;<\/span><\/a><\/p>\n","protected":false},"author":1,"featured_media":0,"parent":0,"menu_order":0,"comment_status":"closed","ping_status":"closed","template":"","meta":{"footnotes":""},"class_list":["post-908","page","type-page","status-publish","hentry"],"_links":{"self":[{"href":"http:\/\/berdich-handball.de\/index.php?rest_route=\/wp\/v2\/pages\/908","targetHints":{"allow":["GET"]}}],"collection":[{"href":"http:\/\/berdich-handball.de\/index.php?rest_route=\/wp\/v2\/pages"}],"about":[{"href":"http:\/\/berdich-handball.de\/index.php?rest_route=\/wp\/v2\/types\/page"}],"author":[{"embeddable":true,"href":"http:\/\/berdich-handball.de\/index.php?rest_route=\/wp\/v2\/users\/1"}],"replies":[{"embeddable":true,"href":"http:\/\/berdich-handball.de\/index.php?rest_route=%2Fwp%2Fv2%2Fcomments&post=908"}],"version-history":[{"count":22,"href":"http:\/\/berdich-handball.de\/index.php?rest_route=\/wp\/v2\/pages\/908\/revisions"}],"predecessor-version":[{"id":1008,"href":"http:\/\/berdich-handball.de\/index.php?rest_route=\/wp\/v2\/pages\/908\/revisions\/1008"}],"wp:attachment":[{"href":"http:\/\/berdich-handball.de\/index.php?rest_route=%2Fwp%2Fv2%2Fmedia&parent=908"}],"curies":[{"name":"wp","href":"https:\/\/api.w.org\/{rel}","templated":true}]}}