{"id":772,"date":"2013-05-18T11:47:17","date_gmt":"2013-05-18T09:47:17","guid":{"rendered":"http:\/\/berdich-handball.de\/?page_id=772"},"modified":"2014-01-17T16:21:45","modified_gmt":"2014-01-17T14:21:45","slug":"tuspo-nurnberg-22-23-06-13","status":"publish","type":"page","link":"http:\/\/berdich-handball.de\/?page_id=772","title":{"rendered":"Tuspo N\u00fcrnberg 22.\/23.06.13"},"content":{"rendered":"<h3>Ulrike Kr\u00e4nzlein Ged\u00e4chstnisspielfest<\/h3>\n<p><img decoding=\"async\" alt=\"\" src=\"http:\/\/www.hg-zirndorf.de\/images\/Berichte\/Tuspo4.JPG\" border=\"0\" \/><\/p>\n<p>Am Wochenende 22.\/23.06. ging es zum Ulrike-Kr\u00e4nzlein-Ged\u00e4chtnisspielfest des Bezirks Mittelfranken. Dieses Turnier fand 1999, 2002 und 2011 bereits dreimal in Zirndorf statt. Dieses Jahr ging es zur Tuspo N\u00fcrnberg. An diesem Wochenende sollten acht Spiele stattfinden. Es wurde gezeltet und am Abend bei dem Fackelumzug mit Sonnwendfeuer mitgemacht. Im ersten Spiel ging es gegen den MTV Stadeln. Wir mussten uns erst ins Turnier finden. Am Anfang machte Tim viele einfache Tore. Der cholerische Trainer der Stadelner verunsicherte seine Mannschaft mehr, als dass sie motiverte. In der zweiten Halbzeit lie\u00dfen wir dann die Konsequenz in Angriff und Abwehr vermissen, so dass die Stadelner noch einmal herankamen. Dennoch siegten wir verdient mit einem Tor Vorsprung.<\/p>\n<p><em>Tore f\u00fcr die HG: Tim 7, Denis 3, Kai 1, Julian 1<\/em><\/p>\n<p>Im zweiten Spiel ging es gegen den Tuspo Heroldsberg. Zur Halbzeit lagen wir noch zur\u00fcck. Jedoch wurde gek\u00e4mpft, kombiniert und der R\u00fcckstand Tor f\u00fcr Tor aufgeholt. In der zweiten Halbzeit konnten wir und sogar noch mit drei Toren absetzen. Dieser Sieg war hart erk\u00e4mpft, aber ebenfalls h\u00f6chst verdient.<\/p>\n<p><em>Tore f\u00fcr die HG: Tim 4, Denis 1, Julian 2, Kai 2\u00a0<\/em><\/p>\n<p>Nun ging es gegen den Post SV N\u00fcrnberg. Die Statistik der letzten Jahre sprach eindeutig gegen die HG Zirndorf. Jedoch hatte die Mannschaft einen absoluten Lauf. Alles klappte wie geschmiert. Es wurde nach belieben kombiniert und getroffen. Kai Braunbart zeigte sich als enorm Treffsicher und die erfolgsverw\u00f6hnten Postler bekamen es mit den Nerven. Bei Ihnen ging zeitweise gar nichts mehr. Einfache B\u00e4lle wurden nicht gefangen. Es wurde gezetert und gemeckert. Lucas hielt viele B\u00e4lle und trug zur Verunsicherung der Postler bei. Unsere Jungs und Aileen zogen ihr Spiel bis zum Schluss durch, so dass am Ende mit David und Luca sogar zwei Minis auf dem Platz standen und den klaren Sieg verteidigten. Mit einem vier Tore Abstand ging das Spiel an die HG.<\/p>\n<p><em>Tore f\u00fcr die HG: Tim 1, Julian 2, Denis 3, Kai 5<\/em><br \/>\n<img decoding=\"async\" alt=\"\" src=\"http:\/\/www.hg-zirndorf.de\/images\/Berichte\/Tuspo1.jpg\" border=\"0\" \/><\/p>\n<p><b><br \/>\n<\/b>M\u00f6geldorf hie\u00df der Gegner im vierten Spiel des Tages. Gest\u00e4rkt und selbstbewusst ging das Team in die Partie. Moritz konnte sich neben Tim, Denis, Kai und Julian mit einem sch\u00f6nen Treffer flach in die linke Ecke in die Torsch\u00fctzenliste eintragen. Mit einer deutlichen zehn Tore Differenz holten sich die Truppe ihren vierten Sieg.<\/p>\n<p><em>Tore f\u00fcr die HG: Tim 3, Denis 3, Kai 3, Julian 3, Moritz 1<\/em><\/p>\n<p>Im letzen Spiel des Tages ging es gegen Puschendorf. Einen vermeintlich leichten Gegner an diesem Tag. Nach der tollen Leistung der vorangegangenen Spiele wurde mit etwas angezogener Handbremse gespielt. Wir lagen sogar zwischenzeitlich mit zwei Toren zur\u00fcck. Dann aber besann sich das Team um ihren Spielgestalter Tim und gaben wieder Gas. Am Ende konnte wieder ein vier Tore Vorsprung f\u00fcr die HG herausgespielt werden.<\/p>\n<p><em>Tore f\u00fcr die HG:\u00a0Denis 3, Tim 4, Julian 1, Kai 2, Aileen 1\u00a0<\/em><\/p>\n<p>Nun folgte nach dem Abendessen, freiem Spiel und H\u00fcpfburg h\u00fcpfen, das Highlight des Abends. Eine Fackelwanderung mit anschlie\u00dfendem Sonnwendfeuer brachte die Augen der Kinder zum leuchten. Im dunklen wurde noch mit Knicklichtern experimentiert und recht sp\u00e4t schlafen gegangen. Nach einer kurzen Nacht im Zelt wurde der Tag um 6.30 Uhr so angefangen, wie der vorherige endete: Mit Handballspielen auf dem Hartplatz. W\u00e4hrend der Trainer noch versuchte die Augen zu zu kneifen, schepperten bereits Zirndorfer W\u00fcrfe gegen das Lattenkreuz.<\/p>\n<p><img decoding=\"async\" alt=\"\" src=\"http:\/\/www.hg-zirndorf.de\/images\/Berichte\/Tuspo2.JPG\" border=\"0\" \/><\/p>\n<p>Nach dem Fr\u00fchst\u00fcck ging es zum Aufwachen und warmspielen gegen den HC Neustadt\/Aisch. Man merkte den Kids die Nacht noch deutlich an. Unkonzentriert und etwas hektisch wurde trotz spielerischer \u00dcberlegenheit nur ein drei Tore Abstand herausgespielt.<\/p>\n<p><em>Tore f\u00fcr die HG: Tim 1, Denis 2, Kai 1, Julian 4\u00a0<\/em><\/p>\n<p>Das zweite Spiel des Tages sollte das Entscheidende werden. Man spielte gegen den Tuspo N\u00fcrnberg. Ebenso wie unser Team hatte Tuspo bisher kein Spiel verloren. Es war sozusagen eine Art Finalspiel oder wenn man so will, das Spiel um den Turniersieg, auch wenn in der E-Jugend keine Platzierungen ausgespielt werden. Stark wie erwartet legte der Tuspo los. Schnell lagen wir mit drei Toren zur\u00fcck. In den ersten Minuten hielt uns zuerst nur Tim im Spiel und erzielte zwei Treffer. Tuspo und wir erzielten dann jeweils noch ein Tor bis zum Halbzeitpfiff. Beim Seitenwechsel lagen wir nun mit zwei Toren zur\u00fcck. Mit einer deutlich Ansprache durch den Trainer wurde klar gestellt, dass der zentrale Spieler des Tuspo dringend am Torwurf gehindert werden musste. Mit einer unglaublich aufopferungsvollen Deckungsarbeit und toll herausgespielten Toren k\u00e4mpften sich die HGler zur\u00fcck ins Spiel. Zwischenzeitlich lagen wir sogar mit zwei Toren in Front. Der st\u00e4rkste Spieler des Tuspo erzielte tats\u00e4chlich kein Tor mehr und Lucas \u201eDIE WAND\u201c D\u00f6rrer hielt den Sieg in den letzten Minuten buchst\u00e4blich mit seinen gl\u00e4nzenden Paraden fest. Starker Kampf, verdienter Sieg. Ein Kreischen und Schreien ging durch die Mannschaft, auch die Eltern verfielen in einen riesen Jubel und der Sieg mit einem Tor Unterschied war mit dem Schlusspfiff besiegelt.<\/p>\n<p><em>Tore f\u00fcr die HG: Tim 5, Kai 3, Julian 1\u00a0<\/em><\/p>\n<p>Im letzten Spiel ging es gegen den TV Eibach. Befl\u00fcgelt durch das herausragende Spiel gegen den Tuspo N\u00fcrnberg, konnten sich fast alle Spieler in die Torsch\u00fctzenliste eintragen. Sogar David D\u00e4umler unser J\u00fcngster, neben Luca Dewald, der sonst durch seine ausdauernde Abwehrarbeit gl\u00e4nzte, erzielte ein wundersch\u00f6nes Tor. Mit einer deutlichen sieben Tore Differnz wurde der TV Eibach besiegt.<\/p>\n<p><em>Tore f\u00fcr die HG: Moritz 1, Tim 2, Julian 3, Kai 3, Aileen 1, David 1<\/em><\/p>\n<p>Ein gro\u00dfer Dank geht auch an die wackere f\u00fcnfk\u00f6pfige V\u00e4tertruppe, die mich w\u00e4hrend das ganzen Turniers, beim Zeltauf- und abbau und in allen weiteren Bereichen tatkr\u00e4ftig unterst\u00fctzt hat.<\/p>\n<p><img decoding=\"async\" alt=\"\" src=\"http:\/\/www.hg-zirndorf.de\/images\/Berichte\/Tuspo3.JPG\" border=\"0\" \/><br \/>\n<em>Die tolle Truppe des zweiten Wochenendes:\u00a0Tim Lehmacher, Moritz Schmidt, Lucas D\u00f6rrer, Aileen J\u00e4ger, Kai Braunbart, Julian D\u00e4umler, David D\u00e4umler, Luca Dewald, Denis Loos \u00a0<\/em><\/p>\n<p style=\"text-align: left;\">\nTreffpunkt in Zirndorf an der Jahnhalle ist am Samstag um 10.30 Uhr. Das Turnier endet am Sonntag gegen ca. 15.30 Uhr (R\u00fcckkehr in Zirndorf gegen 16.00 Uhr)<\/p>\n<p>Am Wochenende 22.\/23. Juni 2013 findet beim TUSPO N\u00fcrnberg das Handballspielfest f\u00fcr Kinder im Mini- und E-Jugendalter statt. Der Bezirk Mittelfranken ist der Ausrichter, die Leitung vor Ort hat der TUSPO N\u00fcrnberg. <a href=\"http:\/\/maps.google.de\/maps?oe=utf-8&amp;rls=com.google:de:official&amp;client=firefox-a&amp;um=1&amp;ie=UTF-8&amp;q=tuspo+n%C3%BCrnberg+anfahrt&amp;fb=1&amp;gl=de&amp;hq=tuspo+n%C3%BCrnberg+anfahrt&amp;hnear=0x479f57aeb5b61cd3:0xdd5daf85a98c21b7,N%C3%BCrnberg&amp;cid=0,0,12395477667387793445&amp;sa=X&amp;ei=z2_EUdHwFMbbsgajx4C4Bg&amp;ved=0CIUBEPwSMAM\" target=\"_blank\">ANFAHRT<\/a><br \/>\nHerrnh\u00fcttestra\u00dfe 75, 90411 N\u00fcrnberg \u200e<\/p>\n<p>Das Turnier beginnt am Samstag gegen 11:00 Uhr und endet am Sonntag gegen 15.30 Uhr. \u00dcbernachtet wird in Zelten. F\u00fcr das leibliche Wohl wird vor Ort gesorgt. Hierf\u00fcr ist eine Kostenpauschale von 15 Euro pro Person zu entrichten. In dieser Pauschale sind das Abendessen am Samstag, sowie am Sonntag das Fr\u00fchst\u00fcck und Mittagessen enthalten. Zu den Mahlzeiten gibt es Getr\u00e4nke.<br \/>\nAn diesem Wochenende findet auch die allj\u00e4hrliche Sonnwendfeier des TUSPO N\u00fcrnberg statt. Dadurch wird ein abwechslungsreiches Angebot an Aktivit\u00e4ten geboten, sowie das Sonnwendfeuer am Samstagabend.<br \/>\nDas Turnier ist mit \u00fcbernachten. D.h. es werden Zelte, Schlafsack, Isomatte, Wechselkleidung, Waschbeutel, Sonnenhut, Sonnencreme, kleines Taschengeld, evtl. Taschenlampe usw. ben\u00f6tigt. Wir spielen im Freien auf Rasen. Es hat sich in den letzten Jahren gezeigt, dass es sinnvoll ist, die Blockverpflegung wahrzunehmen. Seit 1999 bin ich jedes Jahr auf diesem Turnier, welches an unterschiedlichen Orten stattfindet und es ist immer ein tolles Erlebnis f\u00fcr die Kinder. Daher bitte ich zeitnah um eine R\u00fcckmeldung, wer spielen kann. Weil viele Einzelfragen zu kl\u00e4ren sind, habe ich ein Organisationsdokument eingerichtet. Falls jemand kein Zelt hat, ist das kein Problem. Ich kann zur Not ein 6 bis 8 Personenzelt zur Verf\u00fcgung stellen, falls der Platz in den eigenen Zelten nicht reicht.<\/p>\n<p>In den letzten Jahren haben auch vermehrt Eltern mitgezeltet. Hier\u00fcber w\u00fcrde ich mich auch dieses Jahr freuen. Wer es m\u00f6glich machen kann mit zu zelten, ist herzlich eingeladen.<\/p>\n<p><strong>Bitte bescheid geben, wer spielen kann und wer sonst noch kommt!<\/strong><\/p>\n<p><a title=\"blocked::https:\/\/docs.google.com\/spreadsheet\/ccc?key=0ApoHobMnOiaudDd5RC1aS2R5dEVZRGFTcUh4M1dKZkE&amp;usp=sharing\" href=\"https:\/\/docs.google.com\/spreadsheet\/ccc?key=0ApoHobMnOiaudDd5RC1aS2R5dEVZRGFTcUh4M1dKZkE&amp;usp=sharing\">https:\/\/docs.google.com\/spreadsheet\/ccc?key=0ApoHobMnOiaudDd5RC1aS2R5dEVZRGFTcUh4M1dKZkE&amp;usp=sharing<\/a><\/p>\n<p>Noch offen:\u00a0 Janis, Constantin,<br \/>\nZusagen: Denis, Kai, David, Julian, Aileen, Lucas Deu., Moritz, Tim, Lucas D\u00f6r., Luca<br \/>\nAbsagen: Nora, Anastasia, Oliver, Teo, Eugen, Lennard, Lucca, Valentin, Lars,<\/p>\n<p>SPIELPLAN:<\/p>\n<p>Samstag:<br \/>\nE-Jugend 11:20 Tuspo N\u00fcrnberg &#8211; Post SV N\u00fcrnberg<br \/>\nE-Jugend 11:45 HC Neustadt &#8211; SV Puschendorf<br \/>\nE-Jugend 12:10 SpVgg M\u00f6geldorf 2000 &#8211; Tuspo Heroldsberg<br \/>\n<strong>E-Jugend 12:35 HG Zirndorf &#8211; MTV Stadeln (Hart)<\/strong><br \/>\nE-Jugend 12:35 SV Puschendorf &#8211; Tuspo N\u00fcrnberg<br \/>\nE-Jugend 13:00 Post SV N\u00fcrnberg &#8211; HC Neustadt<br \/>\nE-Jugend 13:25 MTV Stadeln &#8211; SpVgg M\u00f6geldorf 2000<br \/>\n<strong>E-Jugend 13:50 Tuspo Heroldsberg &#8211; HG Zirndorf (Hart)<\/strong><br \/>\nE-Jugend 14:15 SpVgg M\u00f6geldorf 2000 &#8211; SV Puschendorf<br \/>\nE-Jugend 14:15 Tuspo N\u00fcrnberg &#8211; HC Neustadt<br \/>\n<strong>E-Jugend 14:40 Post SV N\u00fcrnberg &#8211; HG Zirndorf (Hart)<\/strong><br \/>\nE-Jugend 15:05 Tuspo Heroldsberg &#8211; MTV Stadeln<br \/>\nE-Jugend 15:30 SV Puschendorf &#8211; Post SV N\u00fcrnberg<br \/>\nE-Jugend 15:55 MTV Stadeln &#8211; Tuspo N\u00fcrnberg<br \/>\n<strong>E-Jugend 15:55 HG Zirndorf &#8211; SpVgg M\u00f6geldorf 2000 (Rasen)<\/strong><br \/>\nE-Jugend 16:20 HC Neustadt &#8211; Tuspo Heroldsberg<br \/>\n<strong>E-Jugend 16:45 SV Puschendorf &#8211; HG Zirndorf (Hart)<\/strong><\/p>\n<p>Sonntag:<br \/>\nE-Jugend 09:00 TSV Eibach &#8211; HC Neustadt<br \/>\nE-Jugend 09:25 Tuspo Heroldsberg &#8211; Post SV N\u00fcrnberg<br \/>\nE-Jugend 09:50 SpVgg M\u00f6geldorf 2000 &#8211; TSV Eibach<br \/>\n<strong>E-Jugend 09:50 HG Zirndorf &#8211; HC Neustadt (Hart)<\/strong><br \/>\nE-Jugend 10:15 Post SV N\u00fcrnberg &#8211; MTV Stadeln<br \/>\nE-Jugend 10:40 TSV Eibach &#8211; Tuspo Heroldsberg<br \/>\nE-Jugend 11:05 SpVgg M\u00f6geldorf 2000 &#8211; HC Neustadt<br \/>\nE-Jugend 11:30 TSV Eibach &#8211; Post SV N\u00fcrnberg<br \/>\nE-jugend 11:30 SV Puschendorf &#8211; Tuspo Heroldsberg<br \/>\nE-Jugend 11:55 SpVgg M\u00f6geldorf 2000 &#8211; Tuspo N\u00fcrnberg<br \/>\nE-Jugend 12:20 TSV Eibach &#8211; MTV Stadeln<br \/>\n<strong>E-Jugend 12:45 Tuspo N\u00fcrnberg &#8211; HG Zirndorf (Rasen)<\/strong><br \/>\nE-Jugend 13:10 SV Puschendorf &#8211; TSV Eibach<br \/>\nE-Jugend 13:35 HC Neustadt &#8211; MTV Stadeln<br \/>\nE-Jugend 14:00 Tuspo N\u00fcrnberg TSV Eibach<br \/>\nE-Jugend 14:25 Post SV N\u00fcrnberg &#8211; SpVgg M\u00f6geldorf 2000<br \/>\nE-Jugend 14:25 MTV Stadeln &#8211; SV Puschendorf<br \/>\n<strong>E-Jugend 14:50 HG Zirndorf &#8211; TSV Eibach (Rasen)<\/strong><\/p>\n<p>&nbsp;<\/p>\n<p>&nbsp;<\/p>\n","protected":false},"excerpt":{"rendered":"<p>Ulrike Kr\u00e4nzlein Ged\u00e4chstnisspielfest Am Wochenende 22.\/23.06. ging es zum Ulrike-Kr\u00e4nzlein-Ged\u00e4chtnisspielfest des Bezirks Mittelfranken. Dieses Turnier fand 1999, 2002 und 2011 bereits dreimal in Zirndorf statt. Dieses Jahr ging es zur Tuspo N\u00fcrnberg. An diesem Wochenende sollten acht Spiele stattfinden. Es &hellip; <a href=\"http:\/\/berdich-handball.de\/?page_id=772\">Continue reading <span class=\"meta-nav\">&rarr;<\/span><\/a><\/p>\n","protected":false},"author":1,"featured_media":0,"parent":0,"menu_order":0,"comment_status":"closed","ping_status":"closed","template":"","meta":{"footnotes":""},"class_list":["post-772","page","type-page","status-publish","hentry"],"_links":{"self":[{"href":"http:\/\/berdich-handball.de\/index.php?rest_route=\/wp\/v2\/pages\/772","targetHints":{"allow":["GET"]}}],"collection":[{"href":"http:\/\/berdich-handball.de\/index.php?rest_route=\/wp\/v2\/pages"}],"about":[{"href":"http:\/\/berdich-handball.de\/index.php?rest_route=\/wp\/v2\/types\/page"}],"author":[{"embeddable":true,"href":"http:\/\/berdich-handball.de\/index.php?rest_route=\/wp\/v2\/users\/1"}],"replies":[{"embeddable":true,"href":"http:\/\/berdich-handball.de\/index.php?rest_route=%2Fwp%2Fv2%2Fcomments&post=772"}],"version-history":[{"count":30,"href":"http:\/\/berdich-handball.de\/index.php?rest_route=\/wp\/v2\/pages\/772\/revisions"}],"predecessor-version":[{"id":1029,"href":"http:\/\/berdich-handball.de\/index.php?rest_route=\/wp\/v2\/pages\/772\/revisions\/1029"}],"wp:attachment":[{"href":"http:\/\/berdich-handball.de\/index.php?rest_route=%2Fwp%2Fv2%2Fmedia&parent=772"}],"curies":[{"name":"wp","href":"https:\/\/api.w.org\/{rel}","templated":true}]}}