{"id":539,"date":"2013-01-23T23:28:50","date_gmt":"2013-01-23T21:28:50","guid":{"rendered":"http:\/\/berdich-handball.de\/?page_id=539"},"modified":"2014-01-17T16:15:57","modified_gmt":"2014-01-17T14:15:57","slug":"e2-turnier-ph-im-april","status":"publish","type":"page","link":"http:\/\/berdich-handball.de\/?page_id=539","title":{"rendered":"E2 Turnier (PH im April)"},"content":{"rendered":"<p><span style=\"color: #363636;\"><b>Alte Runde, neuer Jahrgang<\/b><\/span><br \/>\n<span>Geschrieben am Montag, 15.April von volker<\/span><br \/>\n<a href=\"http:\/\/www.hg-zirndorf.de\/search.php?query=&amp;topic=7\"><img decoding=\"async\" alt=\"Spielberichte aus der Jugendabteilung\" src=\"http:\/\/www.hg-zirndorf.de\/images\/topics\/spielbju.gif\" align=\"right\" border=\"0\" hspace=\"10\" vspace=\"10\" \/><\/a><\/p>\n<p>Obwohl das Turnier am Sonntag noch zur alten Spielrunde geh\u00f6rte, traten wir in der E-Jugend nur noch mit Spielern aus dem neuen Jahrgang 2003\/2004 an.<\/p>\n<p>Unsere Gegner an diesem Sonntag waren Heroldsberg und Wendelstein. Da Altenfurt nicht antrat, spielten wir eine sogenannte Doppelrunde. Also zweimal gegen die gleichen Mannschaften.<\/p>\n<p>Zuerst ging es gegen Wendelstein. Im ersten Spiel stand uns noch Julian zur Verf\u00fcgung, der leider nur ein Spiel absolvieren konnte. Immerhin warf er gleich drei Tore. Kai und Lucas erg\u00e4nzten den Torreigen von Julian. Die Gegner kamen fast gar nicht ins Spiel und fanden kaum ein Mittel gegen unsere offensive Manndeckung. Wenn Lucas und Dennis nicht mehrfach \u00fcbertreten h\u00e4tten, w\u00e4re das Ergebnis vielleicht sogar zweistellig f\u00fcr uns ausgegangen.<\/p>\n<p>Nun standen uns die Heroldsberger gegen\u00fcber. Ohne Julian und gegen einen k\u00f6rperlich au\u00dferordentlich starken Gegener, taten wir uns schwer. Lucas erzielte zwei Treffer. Nora und Dennis steuerten ebenfalls noch je einen Treffer bei. Trotz grandioser Aufholjagd nach einem 0:3m reichte es dann nur noch zu einem Unentschieden.<\/p>\n<p>Nun ging es erneut gegen Wendelstein. \u00c4hnlich wie im ersten Spiel dominierten wir \u00fcber den gesamten Spielverlauf das Spiel, lie\u00dfen aber zum Teil klarste Chancen aus. Aber mit zwei Toren von Kai, einem von Nora und von Lennard konnten wir uns klar gegen die Wendelsteiner durchsetzen. Lucas nagelte seinen Kasten fast zu und erlaubte nur einen Gegentreffer in 16 Minuten. Seinen ersten Einsatz in der E-Jugend stand f\u00fcr Oliver H\u00e4usler an. Er zeigte gleich eine k\u00e4mpferische Abwehrleistung und empfahl sich f\u00fcr die n\u00e4chsten Turniere. Im letzten Spiel wollten wir nat\u00fcrlich zeigen, dass wir mehr k\u00f6nnen, als Unentschieden gegen Heroldsberg zu spielen. Eine herausragende Leistung zeigte Nora, die mit ihrem konsequenten Abwehrspiel den besten Heroldsberger fast an den Rand der Verzweiflung brachte. Neben ihrer unglaublichen Abwehrleistung erzielte sie auch noch drei sehenswerte Treffer. Lobenswert muss an dieser Stelle erw\u00e4hnt werden, dass sie die Vorgabe Aufsetzer zu werfen bestens umgesetzt hat. Ebenso warf Lucas Aufsetzer oder flach, so dass der starke gegnerische Torwart durch ihn zweimal bezwungen werden konnte. Auch in diesem Spiel mussten mehrere Treffer von Lucas und Denis wegen \u00dcbertretens abgepiffen werden. Schade! Es w\u00e4ren so sch\u00f6ne Tore dabei gewesen. Aber das wird schon noch. So hat der neue Jahrgang da weiter gemacht, wo der alte aufgeh\u00f6rt hat. Weiter so!<\/p>\n<p><strong><em>Es spielten: <\/em><\/strong><em>David D\u00e4umler, Julian D\u00e4umler(3), Eugen Rauh, Kai Braunbart (3), Denis Loos (1), Lennard Baumgartner (1), Oliver H\u00e4usler, Nora Sch\u00f6pe (5) und Lucas (5)<br \/>\n<\/em><\/p>\n<p><em><img decoding=\"async\" alt=\"\" src=\"http:\/\/www.hg-zirndorf.de\/images\/Berichte\/e_14_04_13.jpg\" \/><\/em><\/p>\n<p>14-16 Uhr E 2 HG Zirndorf, TSV Wendelstein (m), Tuspo Heroldsberg, TSV Altenfurt<\/p>\n<p>14:00 HG Zirndorf\u00a0\u00a0\u00a0\u00a0\u00a0\u00a0\u00a0\u00a0\u00a0\u00a0\u00a0 \u00a0 &#8211; TSV Wendelstein m<br \/>\n14:20 Tuspo Heroldsberg\u00a0 &#8211; TSV Altenfurt<br \/>\n14:40 TSV Altenfurt\u00a0\u00a0\u00a0\u00a0\u00a0\u00a0\u00a0\u00a0\u00a0\u00a0 &#8211; HG Zirndorf<br \/>\n15:00 TSV Wendelstein m &#8211; Tuspo Heroldsberg<br \/>\n15:20 TSV Altenfurt\u00a0\u00a0\u00a0\u00a0\u00a0\u00a0\u00a0\u00a0\u00a0\u00a0 &#8211; TSV Wendelstein mT<br \/>\n15:40 Tuspo Heroldsberg\u00a0 &#8211; HG Zirndorf<\/p>\n<p>Teilnahme noch offen: Constantin<br \/>\nZusagen: David (d), Eugen, Kai Br. (d), Denis (d), Lucas (d), Lennard(d), Mathis(d), Oliver(d), Nora(d)<br \/>\nAbsagen: Daniel, Julian, Anastasia, Janis, Aileen,<\/p>\n","protected":false},"excerpt":{"rendered":"<p>Alte Runde, neuer Jahrgang Geschrieben am Montag, 15.April von volker Obwohl das Turnier am Sonntag noch zur alten Spielrunde geh\u00f6rte, traten wir in der E-Jugend nur noch mit Spielern aus dem neuen Jahrgang 2003\/2004 an. Unsere Gegner an diesem Sonntag &hellip; <a href=\"http:\/\/berdich-handball.de\/?page_id=539\">Continue reading <span class=\"meta-nav\">&rarr;<\/span><\/a><\/p>\n","protected":false},"author":1,"featured_media":0,"parent":0,"menu_order":0,"comment_status":"closed","ping_status":"closed","template":"","meta":{"footnotes":""},"class_list":["post-539","page","type-page","status-publish","hentry"],"_links":{"self":[{"href":"http:\/\/berdich-handball.de\/index.php?rest_route=\/wp\/v2\/pages\/539","targetHints":{"allow":["GET"]}}],"collection":[{"href":"http:\/\/berdich-handball.de\/index.php?rest_route=\/wp\/v2\/pages"}],"about":[{"href":"http:\/\/berdich-handball.de\/index.php?rest_route=\/wp\/v2\/types\/page"}],"author":[{"embeddable":true,"href":"http:\/\/berdich-handball.de\/index.php?rest_route=\/wp\/v2\/users\/1"}],"replies":[{"embeddable":true,"href":"http:\/\/berdich-handball.de\/index.php?rest_route=%2Fwp%2Fv2%2Fcomments&post=539"}],"version-history":[{"count":24,"href":"http:\/\/berdich-handball.de\/index.php?rest_route=\/wp\/v2\/pages\/539\/revisions"}],"predecessor-version":[{"id":1022,"href":"http:\/\/berdich-handball.de\/index.php?rest_route=\/wp\/v2\/pages\/539\/revisions\/1022"}],"wp:attachment":[{"href":"http:\/\/berdich-handball.de\/index.php?rest_route=%2Fwp%2Fv2%2Fmedia&parent=539"}],"curies":[{"name":"wp","href":"https:\/\/api.w.org\/{rel}","templated":true}]}}