{"id":537,"date":"2013-01-23T23:27:25","date_gmt":"2013-01-23T21:27:25","guid":{"rendered":"http:\/\/berdich-handball.de\/?page_id=537"},"modified":"2014-01-17T16:07:26","modified_gmt":"2014-01-17T14:07:26","slug":"e2-turnier-ph-im-marz","status":"publish","type":"page","link":"http:\/\/berdich-handball.de\/?page_id=537","title":{"rendered":"E2 Turnier (PH im M\u00e4rz)"},"content":{"rendered":"<p><span style=\"color: #363636;\"><b>Erfolgreiches Wochenende f\u00fcr die E-Jugend<\/b><\/span><br \/>\n<span>Geschrieben am Montag, 18.M\u00e4rz von volker<\/span><br \/>\n<a href=\"http:\/\/www.hg-zirndorf.de\/search.php?query=&amp;topic=7\"><img decoding=\"async\" alt=\"Spielberichte aus der Jugendabteilung\" src=\"http:\/\/www.hg-zirndorf.de\/images\/topics\/spielbju.gif\" align=\"right\" border=\"0\" hspace=\"10\" vspace=\"10\" \/><\/a><\/p>\n<p>Am Wochenende sammelten beide E-Junioren neue Erfahrungen.<\/p>\n<p><em>Update: jetzt mit Bildern<\/p>\n<p><\/em>Die E2 musste mit nur sieben Spielern antreten, da viele krankheitsbedingt absagen mussten. Gleich an dieser Stelle ein gro\u00dfes Dankesch\u00f6n an Hendrik Fraa\u00df und und Kai Braunbart, die in der E2 ausgeholfen haben. Ohne den Einsatz der beiden, w\u00e4re die Mannschaft nicht spielf\u00e4hig gewesen. Neben den beiden war es f\u00fcr Dennis Loos, unseren 17ten Neuzugang in dieser Saison das erste Turnier. Unter der Leitung von Trainer Martin Baumgartner f\u00fcgte er sich perfekt in die Mannschaft ein. Gleich bei seinem ersten Turnier warf er mehrere Tore und zeigte enormen k\u00e4mpferischen Einsatz. Die beiden E1ler gestalteten das Spiel und Paul Heine im Tor lief zu h\u00f6chstform auf. Ein ums andere Mal brachte er die gegnerischen Werfer zur Verzweiflung. Janosch Vollmar und Eugen Rauh warfen ebenso wie Dennis ihre ersten Tore f\u00fcr die HG an diesem Tag. Gegen Eibach 2 wurde ein klarer Sieg herausgespielt. Gegen Stein gab es ein Unentschieden und gegen Eibach 1 wurde bis kurz vor Schluss gek\u00e4mpft und am Ende leider knapp mit einem Tor verloren. Aber die gezeigte Leistung war spitze! Insgesamt warfen die Jungs 19 Tore in den drei Spielen.<\/p>\n<p><img decoding=\"async\" alt=\"\" src=\"http:\/\/www.hg-zirndorf.de\/images\/Berichte\/130313\/E2%2016ter.jpg\" \/><\/p>\n<p><img decoding=\"async\" alt=\"\" src=\"http:\/\/www.hg-zirndorf.de\/images\/Berichte\/130313\/Foto%204.JPG\" \/><\/p>\n<p><strong>F\u00fcr die HG spielten:<\/strong>\u00a0Paul Heine, Janosch Vollmar, Eugen Rauh, Dennis Loos, Kai Braunbart, Hendrik Fraa\u00df und Bastian Rattay.<\/p>\n<hr \/>\n<p>Am 16.03. spielen wir ein E2 Turnier in der Prei\u00dflerhalle.<br \/>\nTreffpunkt direkt an der Prei\u00dflerhalle: 13.30 Uhr<br \/>\nBetreuer: Martin Baumgartner<\/p>\n<p class=\"MsoNormal\">14-16 Uhr E 2 TSV Altenberg, Tuspo N\u00fcrnberg (g), TV Eibach I, TV Eibach II, HG<br \/>\nZirndorf<\/p>\n<p>14:00 TSV Altenberg &#8211; TV Eibach I<br \/>\n14:20 TV Eibach II &#8211; HG Zirndorf<br \/>\n14:40 HG Zirndorf &#8211; TSV Altenberg<br \/>\n15:00 TV Eibach I &#8211; TV Eibach II<br \/>\n15:20 HG Zirndorf &#8211; TV Eibach I<br \/>\n15:40 TV Eibach II &#8211; TSV Altenberg<\/p>\n<p>noch offen: Ren\u00e9, Hendrik<br \/>\nZusagen:\u00a0 Eugen, Denis, Paul, Bastian, Janosch, Janis, Anastasia,<br \/>\nAbsagen: Lennard, Mathis, Kai Bay., Aileen,<\/p>\n","protected":false},"excerpt":{"rendered":"<p>Erfolgreiches Wochenende f\u00fcr die E-Jugend Geschrieben am Montag, 18.M\u00e4rz von volker Am Wochenende sammelten beide E-Junioren neue Erfahrungen. Update: jetzt mit Bildern Die E2 musste mit nur sieben Spielern antreten, da viele krankheitsbedingt absagen mussten. Gleich an dieser Stelle ein &hellip; <a href=\"http:\/\/berdich-handball.de\/?page_id=537\">Continue reading <span class=\"meta-nav\">&rarr;<\/span><\/a><\/p>\n","protected":false},"author":1,"featured_media":0,"parent":0,"menu_order":0,"comment_status":"closed","ping_status":"closed","template":"","meta":{"footnotes":""},"class_list":["post-537","page","type-page","status-publish","hentry"],"_links":{"self":[{"href":"http:\/\/berdich-handball.de\/index.php?rest_route=\/wp\/v2\/pages\/537","targetHints":{"allow":["GET"]}}],"collection":[{"href":"http:\/\/berdich-handball.de\/index.php?rest_route=\/wp\/v2\/pages"}],"about":[{"href":"http:\/\/berdich-handball.de\/index.php?rest_route=\/wp\/v2\/types\/page"}],"author":[{"embeddable":true,"href":"http:\/\/berdich-handball.de\/index.php?rest_route=\/wp\/v2\/users\/1"}],"replies":[{"embeddable":true,"href":"http:\/\/berdich-handball.de\/index.php?rest_route=%2Fwp%2Fv2%2Fcomments&post=537"}],"version-history":[{"count":18,"href":"http:\/\/berdich-handball.de\/index.php?rest_route=\/wp\/v2\/pages\/537\/revisions"}],"predecessor-version":[{"id":1013,"href":"http:\/\/berdich-handball.de\/index.php?rest_route=\/wp\/v2\/pages\/537\/revisions\/1013"}],"wp:attachment":[{"href":"http:\/\/berdich-handball.de\/index.php?rest_route=%2Fwp%2Fv2%2Fmedia&parent=537"}],"curies":[{"name":"wp","href":"https:\/\/api.w.org\/{rel}","templated":true}]}}