{"id":391,"date":"2012-11-21T12:00:41","date_gmt":"2012-11-21T10:00:41","guid":{"rendered":"http:\/\/berdich-handball.de\/?page_id=391"},"modified":"2014-01-17T16:19:10","modified_gmt":"2014-01-17T14:19:10","slug":"turnier-in-altenberg","status":"publish","type":"page","link":"http:\/\/berdich-handball.de\/?page_id=391","title":{"rendered":"E1 Turnier in Altenberg (Dezember)"},"content":{"rendered":"<p><span style=\"color: #363636;\"><b>E-Jugend mit spielerischer Eleganz<\/b><\/span><br \/>\n<span>Geschrieben am Montag, 17.Dezember von volker<\/span><br \/>\n<a href=\"http:\/\/www.hg-zirndorf.de\/search.php?query=&amp;topic=7\"><img decoding=\"async\" alt=\"Spielberichte aus der Jugendabteilung\" src=\"http:\/\/www.hg-zirndorf.de\/images\/topics\/spielbju.gif\" align=\"right\" border=\"0\" hspace=\"10\" vspace=\"10\" \/><\/a><\/p>\n<p>Ein starker Auftritt der E-Junioren im benachbarten Altenberg.<\/p>\n<p>Am Sonntag, den 16.12. in aller Fr\u00fche trat die E-Jugend, in der Gymnasiumshalle in Oberasbach, bei einem Turnier des TSV Altenberg an.<\/p>\n<p><span><span><img decoding=\"async\" alt=\"\" src=\"http:\/\/www.hg-zirndorf.de\/images\/Berichte\/2012\/e_dezember_12_1.jpg\" \/><\/span><\/span><\/p>\n<p>Im ersten Spiel ging es gegen die Hausherren des <strong>TSV Altenberg<\/strong>. Diese hatten einen herausragenden Spieler, der uns zu Beginn das Leben schwer machte. Trotz gemeinschaftlichen Aufw\u00e4rmens schien die Zirndorfer E-Jugend noch gedanklich in den Federn zu liegen. Bevor man sich versah, stand es schon 0:3 f\u00fcr Altenberg. Ein richtiger Fehlstart! Allerdings tankte sich Tim jetzt endlich einmal durch und es ging ein Ruck durch die Mannschaft. Jetzt waren alle wach. Tor f\u00fcr Tor holte man auf. Au\u00dferdem wurde der Torwart gewechselt und Kai Bayer hielt, was es zu halten gab. Lucca, Pascal und Tim warfen weitere Tore, sodass wir noch zu einem Unentschieden kamen. H\u00e4tte das Spiel ein wenig l\u00e4nger als zw\u00f6lf Minuten gedauert, w\u00e4re man sicherlich als Sieger vom Platz gegangen.<\/p>\n<p>Im zweiten Spiel ging es gegen den <strong>SV Rednitzhembach<\/strong>. Diese waren ersatzgeschw\u00e4cht angereist und mussten sich im ersten Spiel Mitspieler von uns ausleihen. Im Spiel gegen uns holten sie sich zwei Spieler von der SG N\u00fcrnberg\/F\u00fcrth. Da der HG-Trainer diesen Schachzug nicht bemerkte, schickte er gegen den vermeintlich deutlich schw\u00e4cheren Gegner die Jungs aufs Feld, die im Spiel vorher weniger Einsatzzeiten bekamen. Da es sich aber um die zwei besten Spieler der SG N\u00fcrnberg\/F\u00fcrth handelte, hatten wir es auf einmal mit einem sehr starken SV Rednitzhembach zu tun. So gerieten wir auch in diesem Spiel rasch 0:3 in R\u00fcckstand, was aber vornehmlich an der fehlerhaften Aufstellungspolitik des Trainers lag. Kurzerhand wurde wieder auf die &#8220;Erste Sechs&#8221; umgestellt und wir arbeiteten uns Tor um Tor ins Spiel zur\u00fcck. Zweimal Tim und zweimal Lucca und wir lagen nur noch ein Tor hinten. Nun traf Dominik von Linksau\u00dfen zum wichtigen Ausgleich. Jetzt war die Partie wieder offen. Lucca setzte sich wunderbar Eins-gegen-Eins durch und wir gingen in F\u00fchrung. Jedoch erzielte der st\u00e4rkste \u201eausgeliehene\u201c Spieler wiederrum den Ausgleich. Es waren noch zwanzig Sekunden auf der Uhr. Kai Bayer h\u00e4lt einen wichtigen Ball im Tor fest und spielt auf Lucca. Dieser prellt in Richtung gegnerisches Tor. Genau im richtigen Moment sieht er den freien Mitspieler und Pascal donnert den Ball an die Unterkante der Latte. Tor f\u00fcr Zirndorf. Die letzten Sekunden laufen ab und ein wirklich toll erspielter und erk\u00e4mpfter Sieg steht zu Buche. Die Freude der Jungs war riesengro\u00df!<\/p>\n<p><span><span><img decoding=\"async\" alt=\"\" src=\"http:\/\/www.hg-zirndorf.de\/images\/Berichte\/2012\/e_dezember_12_2.jpg\" \/><\/span><\/span><\/p>\n<p>Nun galt es im dritten Spiel gegen die komplette <strong>SG N\u00fcrnberg\/F\u00fcrth<\/strong> anzutreten. Eine enorm schwere Aufgabe. Noch im Fr\u00fchjahr haben wir gegen diese Mannschaft zweistellig verloren. Es galt die zwei zentralen Spielfiguren der SG durch die offene Manndeckung m\u00f6glichst aus dem Spiel zu nehmen. Hier muss man insbesondere unseren Abwehrchef Teo erw\u00e4hnen, der wie immer k\u00e4mpfte und rackerte. Aber auch alle anderen in der Mannschaft haben sich f\u00fcr einen Sieg aufgerieben. Sobald einer der beiden SG-Spieler den Ball in unserer H\u00e4lfte bekam klingelte es im Tor der Zirndorfer. Jedoch hielten unsere Jungs mit einer geschlossenen Mannschaftsleistung dagegen. Teo h\u00e4mmerte von Rechtsau\u00dfen einen Ball ins lange Dreieck und erzielte ein sehenswertes Aufsetzertor. Mit weiteren sch\u00f6n herauskombinierten Toren von Lucca und Tim schafften wir den verdienten Sieg mit einem Tor Vorsprung.<\/p>\n<p>Dieser Sieg zeigte, dass Handball eben ein Mannschaftssport ist. Die Zirndorfer waren definitiv die bessere Mannschaft, wenn auch der Gegner zwei \u00fcberaus starke Einzelspieler hatte. Im letzten Spiel ging es gegen den <strong>TV Ro\u00dftal<\/strong>. Dieser war mit einer recht schwachen Truppe angereist, sodass nun auch die Spieler mit geringeren Einsatzzeiten zu ihrem Recht kamen. Es entstand ein munteres Spiel, in dem auch die anderen zeigten, was in ihnen steckt. Kai Bayer im Feld und Fabio Deinzer \u00fcbernahmen Verantwortung und warfen beherzt jeweils zwei Feldtore. Hendrik steuerte ebenfalls einen sch\u00f6nen Treffer bei. Und wer am Spielfeldrand heimlich mitgerechnet hatte, kam zu dem Schluss, dass das neben dem Spielerlebnis auch noch das Spielergebnis stimmte und die HG heute die beste Mannschaft in der Halle war!<\/p>\n<p><strong>F\u00fcr die HG spielten:<\/strong> Kai Bayer, Lucca Bialowas, Kai Braunbart, Julian D\u00e4umler, Fabio Deinzer, Dominik Dewald, Hendrik Fra\u00df, Teo Koch, Tim Lehmacher, Pascal Naumann, Sebastian Schwarz und Ren\u00e9 Wahler,<\/p>\n<p><span><img decoding=\"async\" alt=\"\" src=\"http:\/\/www.hg-zirndorf.de\/images\/Berichte\/2012\/e_dezember_12_3.jpg\" \/> <\/span><br \/>\nAm 16.12. spielt die E1 beim TSV Altenberg.<br \/>\nTreffpunkt an der Jahnhalle:<br \/>\nZusagen: Tim, Teo (d), Dominik (d), Lucca (d), Kai Braunbart (d), Pascal, Julian, Hendrik(d), Kai Bayer, Sebastian, Ren\u00e9, Fabio<br \/>\nnoch unklar:\u00a0 Matthes<\/p>\n<p>9:30 TSV Altenberg \u00a0 \u00a0 \u00a0 \u00a0 \u00a0 \u00a0 \u00a0 HG Zirndorf<br \/>\n9:45 SV Rednitzhembach\u00a0\u00a0\u00a0\u00a0\u00a0 SG N\u00fcrnberg\/F\u00fcrth<br \/>\n10:00 TV Ro\u00dftal\u00a0\u00a0\u00a0\u00a0\u00a0\u00a0\u00a0\u00a0\u00a0\u00a0\u00a0\u00a0\u00a0\u00a0\u00a0\u00a0\u00a0\u00a0\u00a0\u00a0 TSV Altenberg<br \/>\n10:15 HG Zirndorf\u00a0\u00a0\u00a0\u00a0\u00a0\u00a0\u00a0\u00a0\u00a0\u00a0\u00a0\u00a0\u00a0\u00a0\u00a0\u00a0\u00a0 SV Rednitzhembach<br \/>\n10:30 SG N\u00fcrnberg\/F\u00fcrth\u00a0\u00a0 TV Ro\u00dftal<br \/>\n10:45 TSV Altenberg\u00a0\u00a0\u00a0\u00a0\u00a0\u00a0\u00a0\u00a0\u00a0\u00a0\u00a0\u00a0 SV Rednitzhembach<br \/>\n11:00 HG Zirndorf\u00a0\u00a0\u00a0\u00a0\u00a0\u00a0\u00a0\u00a0\u00a0\u00a0\u00a0\u00a0\u00a0\u00a0\u00a0\u00a0 SG N\u00fcrnberg\/F\u00fcrth<br \/>\n11:15 SV Rednitzhembach\u00a0\u00a0\u00a0 TV Ro\u00dftal<br \/>\n11:30 SG N\u00fcrnberg\/F\u00fcrth\u00a0\u00a0 TSV Altenberg<br \/>\n11:45 TV Ro\u00dftal\u00a0\u00a0\u00a0\u00a0\u00a0\u00a0\u00a0\u00a0\u00a0\u00a0\u00a0\u00a0\u00a0\u00a0\u00a0\u00a0\u00a0\u00a0\u00a0\u00a0 HG Zirndorf<\/p>\n","protected":false},"excerpt":{"rendered":"<p>E-Jugend mit spielerischer Eleganz Geschrieben am Montag, 17.Dezember von volker Ein starker Auftritt der E-Junioren im benachbarten Altenberg. Am Sonntag, den 16.12. in aller Fr\u00fche trat die E-Jugend, in der Gymnasiumshalle in Oberasbach, bei einem Turnier des TSV Altenberg an. &hellip; <a href=\"http:\/\/berdich-handball.de\/?page_id=391\">Continue reading <span class=\"meta-nav\">&rarr;<\/span><\/a><\/p>\n","protected":false},"author":1,"featured_media":0,"parent":0,"menu_order":0,"comment_status":"closed","ping_status":"closed","template":"","meta":{"footnotes":""},"class_list":["post-391","page","type-page","status-publish","hentry"],"_links":{"self":[{"href":"http:\/\/berdich-handball.de\/index.php?rest_route=\/wp\/v2\/pages\/391","targetHints":{"allow":["GET"]}}],"collection":[{"href":"http:\/\/berdich-handball.de\/index.php?rest_route=\/wp\/v2\/pages"}],"about":[{"href":"http:\/\/berdich-handball.de\/index.php?rest_route=\/wp\/v2\/types\/page"}],"author":[{"embeddable":true,"href":"http:\/\/berdich-handball.de\/index.php?rest_route=\/wp\/v2\/users\/1"}],"replies":[{"embeddable":true,"href":"http:\/\/berdich-handball.de\/index.php?rest_route=%2Fwp%2Fv2%2Fcomments&post=391"}],"version-history":[{"count":19,"href":"http:\/\/berdich-handball.de\/index.php?rest_route=\/wp\/v2\/pages\/391\/revisions"}],"predecessor-version":[{"id":1026,"href":"http:\/\/berdich-handball.de\/index.php?rest_route=\/wp\/v2\/pages\/391\/revisions\/1026"}],"wp:attachment":[{"href":"http:\/\/berdich-handball.de\/index.php?rest_route=%2Fwp%2Fv2%2Fmedia&parent=391"}],"curies":[{"name":"wp","href":"https:\/\/api.w.org\/{rel}","templated":true}]}}