{"id":368,"date":"2012-11-04T22:37:36","date_gmt":"2012-11-04T20:37:36","guid":{"rendered":"http:\/\/berdich-handball.de\/?page_id=368"},"modified":"2014-01-17T16:04:48","modified_gmt":"2014-01-17T14:04:48","slug":"e2-turnier-in-der-ph-dezember","status":"publish","type":"page","link":"http:\/\/berdich-handball.de\/?page_id=368","title":{"rendered":"E2 Turnier in der PH (Dezember)"},"content":{"rendered":"<p><span style=\"color: #363636;\"><b>Licht und Schatten bei E-Junioren<\/b><\/span><br \/>\n<span>Geschrieben am Sonntag, 09.Dezember von volker<\/span><br \/>\n<a href=\"http:\/\/www.hg-zirndorf.de\/search.php?query=&amp;topic=7\"><img decoding=\"async\" alt=\"Spielberichte aus der Jugendabteilung\" src=\"http:\/\/www.hg-zirndorf.de\/images\/topics\/spielbju.gif\" align=\"right\" border=\"0\" hspace=\"10\" vspace=\"10\" \/><\/a><\/p>\n<p>Am Samstag spielte die E2-Jugend einmal mehr in der Prei\u00dflerhalle.<\/p>\n<p>Au\u00dfen herrschen eisige Temperaturen. Gestern war die Jugendweihnachtsfeier und die Spieler der HG traten in ihren neuen, stilvollen schwarzgrauen Trainingsjacken an. Nach dem Umziehen und Aufw\u00e4rmen ging es aufs Spielfeld. Obwohl es drau\u00dfen eisigkalt war, h\u00e4tte man den Eindruck gewinnen k\u00f6nnen, dass die Kinder auf einer Eisfl\u00e4che Schlittschuh laufen. Die Prei\u00dflerhalle hat seit ihrem Bestehen immer noch den gleichen Boden und dieser wird immer glatter.<\/p>\n<p>Nach anf\u00e4nglicher Unsicherheit geriet man im Spiel gegen den Tuspo Heroldsberg rasch mit einem Tor ins Hintertreffen. Jetzt besannen sich die Zirndorfer Spieler, passten sicherer und Julian traf gleich zweimal hintereinander. Jetzt ging es Schlag auf Schlag und Kai machte ebenfalls ein Doppelpack. Nora erzielte noch das f\u00fcnfte Tor f\u00fcr die HG und das in nur sechs Minuten Spielzeit. In der zweiten Halbzeit sa\u00dfen die drei Torsch\u00fctzen auf der Bank, um den anderen die M\u00f6glichkeit zu geben, sich zu bew\u00e4hren. Leider reichte es zu keinem Tor mehr, aber Kai hielt in der zweiten H\u00e4lfte alles, was es zu halten gab und sicherte so den Erfolg f\u00fcr die HG. Zu erw\u00e4hnen sind drei gute Chancen von Bastian, die leider knapp das Tor verfehlten oder das Tor nicht gez\u00e4hlt wurde. Dominik hatte noch eine Gro\u00dfchance, aber leider schepperte es nur am Pfosten.<\/p>\n<p>Im zweiten Spiel ging es gegen den ESV Fl\u00fcgelrad. Wie schon zuvor warfen die Gegner das erste Tor. Aber auch in diesem Spiel zeigten sich die M\u00e4dchen und Jungen der HG gut aufgelegt und Kai machte seine Tore Nummer drei und vier an diesem Tag. Im Anschluss trafen Julian und Henrik und bauten den Vorsprung aus. Zu erw\u00e4hnen ist an dieser Stelle, dass das Tor von Julian technisch brillant erzielt wurde. In der zweiten Halbzeit bedankten sich Nora und Dominik f\u00fcr ihre Einsatzzeiten und warfen jeweils zwei wundersch\u00f6ne Tore. Fast konnten einem die Fl\u00fcgelrader etwas leid tun.<\/p>\n<p>Aber bereits im n\u00e4chsten Spiel zeigte sich wie gro\u00df die Unterschiede in der E2-Jugend sind. Eben noch zweimal dominant gewonnen, bekamen wir fast keinen Fu\u00df gegen den 1.FC Schwand auf den Boden. Mit einer sehr guten offensiven Deckung machten sie uns das Leben schwer. Statt sich ohne Ball frei zu laufen, verschenkten wir durch Fehlp\u00e4sse leichte Tore. Im Zwei-Minuten-Takt erzielten die Schwander die Tore und wir fanden einfach kein Mittel, um gegen diese kompakte Mannschaft zu bestehen. Nora erzielte mit einer sch\u00f6nen Einzelleistung den Ehrentreffer f\u00fcr die HG.\u00a0Trotz des verlorenen dritten Spiels zeigte die E2 eine reife Leistung und wird sich im Lauf der Runde sicher noch den ein oder anderen Sieg holen.<\/p>\n<p><strong>F\u00fcr die HG spielten:<em> <\/em><\/strong>Lennart Baumgartner, Janosch Vollmar, Paul Heine, Dominik Dewald, Julian D\u00e4umler, Bastian Rattay, Kai Bayer, Hendrik Fraa\u00df.<em><br \/>\n<\/em><br \/>\nTreffpunkt in der Prei\u00dflerhalle ist um 11.30 Uhr.\u00a0 Wer von Zirndorf aus mit Fahrgemeinschaften reinfahren m\u00f6chte, trifft sich um 11.00 Uhr vor der Jahnhalle. Bitte gebt im Vorfeld Bescheid, ob ihr direkt fahrt oder zum Treffpunkt in Zirndorf kommt. Danke!<br \/>\nZusagen: Lenni, Janosch, Paul, Dominik, Julian, Bastian, Kai Bay., Hendrik<\/p>\n<p>E 2<br \/>\n12:00 Tuspo Heroldsberg\u00a0\u00a0\u00a0\u00a0 &#8211; HG Zirndorf<br \/>\n12:15 ESV Fl\u00fcgelrad\u00a0\u00a0\u00a0\u00a0\u00a0\u00a0\u00a0\u00a0\u00a0\u00a0\u00a0\u00a0\u00a0 &#8211; 1. FC Schwand<br \/>\n12:30 TSV Wendelstein\u00a0\u00a0\u00a0\u00a0\u00a0\u00a0\u00a0 &#8211; Tuspo Heroldsberg<br \/>\n12:45 HG Zirndorf\u00a0\u00a0\u00a0\u00a0\u00a0\u00a0\u00a0\u00a0\u00a0\u00a0\u00a0\u00a0\u00a0\u00a0\u00a0\u00a0 &#8211; ESV Fl\u00fcgelrad<br \/>\n13:00 1. FC Schwand\u00a0\u00a0\u00a0\u00a0\u00a0\u00a0\u00a0\u00a0\u00a0\u00a0\u00a0 &#8211; TSV Wendelstein<br \/>\n13:15 Tuspo Heroldsberg\u00a0\u00a0\u00a0\u00a0 &#8211; ESV Fl\u00fcgelrad<br \/>\n13:30 HG Zirndorf\u00a0\u00a0\u00a0\u00a0\u00a0\u00a0\u00a0\u00a0\u00a0\u00a0\u00a0\u00a0\u00a0\u00a0\u00a0 &#8211; 1. FC Schwand<br \/>\n13:45 ESV Fl\u00fcgelrad\u00a0\u00a0\u00a0\u00a0\u00a0\u00a0\u00a0\u00a0\u00a0\u00a0\u00a0\u00a0 &#8211; TSV Wendelstein<\/p>\n","protected":false},"excerpt":{"rendered":"<p>Licht und Schatten bei E-Junioren Geschrieben am Sonntag, 09.Dezember von volker Am Samstag spielte die E2-Jugend einmal mehr in der Prei\u00dflerhalle. Au\u00dfen herrschen eisige Temperaturen. Gestern war die Jugendweihnachtsfeier und die Spieler der HG traten in ihren neuen, stilvollen schwarzgrauen &hellip; <a href=\"http:\/\/berdich-handball.de\/?page_id=368\">Continue reading <span class=\"meta-nav\">&rarr;<\/span><\/a><\/p>\n","protected":false},"author":1,"featured_media":0,"parent":0,"menu_order":0,"comment_status":"closed","ping_status":"closed","template":"","meta":{"footnotes":""},"class_list":["post-368","page","type-page","status-publish","hentry"],"_links":{"self":[{"href":"http:\/\/berdich-handball.de\/index.php?rest_route=\/wp\/v2\/pages\/368","targetHints":{"allow":["GET"]}}],"collection":[{"href":"http:\/\/berdich-handball.de\/index.php?rest_route=\/wp\/v2\/pages"}],"about":[{"href":"http:\/\/berdich-handball.de\/index.php?rest_route=\/wp\/v2\/types\/page"}],"author":[{"embeddable":true,"href":"http:\/\/berdich-handball.de\/index.php?rest_route=\/wp\/v2\/users\/1"}],"replies":[{"embeddable":true,"href":"http:\/\/berdich-handball.de\/index.php?rest_route=%2Fwp%2Fv2%2Fcomments&post=368"}],"version-history":[{"count":19,"href":"http:\/\/berdich-handball.de\/index.php?rest_route=\/wp\/v2\/pages\/368\/revisions"}],"predecessor-version":[{"id":1010,"href":"http:\/\/berdich-handball.de\/index.php?rest_route=\/wp\/v2\/pages\/368\/revisions\/1010"}],"wp:attachment":[{"href":"http:\/\/berdich-handball.de\/index.php?rest_route=%2Fwp%2Fv2%2Fmedia&parent=368"}],"curies":[{"name":"wp","href":"https:\/\/api.w.org\/{rel}","templated":true}]}}