{"id":365,"date":"2012-11-04T22:34:18","date_gmt":"2012-11-04T20:34:18","guid":{"rendered":"http:\/\/berdich-handball.de\/?page_id=365"},"modified":"2014-01-17T16:03:28","modified_gmt":"2014-01-17T14:03:28","slug":"e2-turnier-in-der-preislerhalle","status":"publish","type":"page","link":"http:\/\/berdich-handball.de\/?page_id=365","title":{"rendered":"E2 Turnier in der Prei\u00dflerhalle"},"content":{"rendered":"<p><span style=\"color: #363636;\"><b>Gute Bilanz in der Prei\u00dflerhalle<\/b><\/span><br \/>\n<span>Geschrieben am Sonntag, 18.November von volker<\/span><br \/>\n<a href=\"http:\/\/www.hg-zirndorf.de\/search.php?query=&amp;topic=7\"><img decoding=\"async\" alt=\"Spielberichte aus der Jugendabteilung\" src=\"http:\/\/www.hg-zirndorf.de\/images\/topics\/spielbju.gif\" align=\"right\" border=\"0\" hspace=\"10\" vspace=\"10\" \/><\/a><\/p>\n<p>E2-Junioren mit Erfolgen \u00fcber Eibach, Fl\u00fcgelrad und Puschendorf.<\/p>\n<p>Nachdem wir letztes Wochenende gegen die Mannschaften aus dem westlichen Mittelfranken oft den k\u00fcrzeren zogen, wussten wir nicht, wo wir mit der E2-Jugend eigentlich stehen.<\/p>\n<p>Gegen den TV Eibach ging es schnell los mit Toren von Sarah und Julian, die jeweils im Doppelpack trafen. Hendrik erzielte auch noch einen Treffer. Fabio im Tor hielt, was es zu halten gab, sodass das Spiel ohne Gegentreffer sehr deutlich an uns ging. Im n\u00e4chsten Spiel ging es gegen die M\u00e4dchenmannschaft aus Fl\u00fcgelrad. Paul erzielte zwei Treffer f\u00fcr die HG. Auch Ren\u00e9, Sarah, Fabio, Nora und Anastasia warfen Tore. Auch in dieser Partie schaffte es die gegnerische Mannschaft keinen Ball an unseren starken Torh\u00fctern Hendrik und Fabio vorbeizubringen. Schon musste man sich Kritik anh\u00f6ren, aber die Zuschauer hatten die zweistelligen Niederlagen vom letzten Wochenende nicht miterlebt. Die Eingruppierung &#8220;E2&#8221; hat schon eine enorme Spannweite.<\/p>\n<p>Im letzten Spiel ging es gegen die kampfbereiten Puschendorfer. Das dieses Spiel nicht einfach wird, war im Vorfeld klar. Das es jedoch so spannend wird, konnte man vorher nicht wissen. Wir gerieten schnell mit eins zu drei ins Hintertreffen. Lediglich Sarah hielt uns mit ihren zwei Treffern im Spiel. Die Puschendorfer machten noch ein Tor vor dem Seitenwechsel. Zum jetzigen Zeitpunkt sahen wir nahezu wie die Verlierer aus. Aber im Handball ist auch ein R\u00fcckstand aufzuholen. Paul hielt in der zweiten Halbzeit einige W\u00fcrfe und wir k\u00e4mpften uns heran. Kurz vor Schluss lagen wir nur noch mit einem Tor zur\u00fcck. Fabio erzielte innerhalb von zwei Minuten zwei ganz starke Tore und rettete f\u00fcr die Zirndorfer den dritten Sieg im dritten Spiel.<\/p>\n<p>Bemerkenswert ist, dass sich von den neun Spieler acht auf der Torsch\u00fctzenliste wiederfanden. Die starke Leistung der Kinder zeigte sich in den strahlenden Gesichtern nach dem Turnier.<\/p>\n<p><strong>F\u00fcr die HG spielten:<\/strong> Anastasia Friedel, Sarah Konrad, Nora Sch\u00f6pe, Julian D\u00e4umler, Fabio Deinzer, Hendrik Fra\u00df, Paul Heine, Eugen Rauh, Ren\u00e9 Wahler.<\/p>\n<p><img decoding=\"async\" alt=\"\" src=\"http:\/\/www.hg-zirndorf.de\/images\/Berichte\/e_2012_1.JPG\" \/><\/p>\n<p>&nbsp;<\/p>\n<p><img decoding=\"async\" alt=\"\" src=\"http:\/\/www.hg-zirndorf.de\/images\/Berichte\/e_2012_2.JPG\" \/><\/p>\n<p>&nbsp;<\/p>\n<p><img decoding=\"async\" alt=\"\" src=\"http:\/\/www.hg-zirndorf.de\/images\/Berichte\/e_2012_3.JPG\" \/><\/p>\n<p>&nbsp;<\/p>\n<p><img decoding=\"async\" alt=\"\" src=\"http:\/\/www.hg-zirndorf.de\/images\/Berichte\/e_2012_4.JPG\" \/><\/p>\n<p>Treffpunkt in der Prei\u00dflerhalle ist um 13.30 Uhr.\u00a0 Wer von Zirndorf aus mit Fahrgemeinschaften reinfahren m\u00f6chte, trifft sich um 13.00 Uhr vor der Jahnhalle.<br \/>\nE 2<br \/>\n14:00 MTV Stadeln (w)\u00a0\u00a0\u00a0\u00a0 &#8211; SV Puschendorf<br \/>\n14:15 TV Eibach (g)\u00a0\u00a0\u00a0\u00a0\u00a0\u00a0\u00a0\u00a0\u00a0\u00a0\u00a0 &#8211; HG Zirndorf<br \/>\n14:30 ESV Fl\u00fcgelrad\u00a0\u00a0\u00a0\u00a0\u00a0\u00a0\u00a0\u00a0\u00a0 &#8211; MTV Stadeln (w)<br \/>\n14:45 SV Puschendorf\u00a0\u00a0\u00a0\u00a0\u00a0\u00a0 &#8211; TV Eibach (g)<br \/>\n15:00 HG Zirndorf\u00a0\u00a0\u00a0\u00a0\u00a0\u00a0\u00a0\u00a0\u00a0\u00a0\u00a0\u00a0 &#8211; ESV Fl\u00fcgelrad<br \/>\n15:15 MTV Stadeln (w)\u00a0\u00a0\u00a0\u00a0 &#8211; TV Eibach (g)<br \/>\n15:30 SV Puschendorf \u00a0 \u00a0 \u00a0 &#8211; HG Zirndorf<br \/>\n15:45 TV Eibach (g)\u00a0\u00a0\u00a0\u00a0\u00a0\u00a0\u00a0\u00a0\u00a0\u00a0 &#8211; ESV Fl\u00fcgelrad<\/p>\n<p>Zusagen bisher: Nora, Sarah, Anastasia, Julian, Fabio, Bastian, Eugen, Paul, Hendrik<br \/>\nOffen: Lennart, Janosch<\/p>\n","protected":false},"excerpt":{"rendered":"<p>Gute Bilanz in der Prei\u00dflerhalle Geschrieben am Sonntag, 18.November von volker E2-Junioren mit Erfolgen \u00fcber Eibach, Fl\u00fcgelrad und Puschendorf. Nachdem wir letztes Wochenende gegen die Mannschaften aus dem westlichen Mittelfranken oft den k\u00fcrzeren zogen, wussten wir nicht, wo wir mit &hellip; <a href=\"http:\/\/berdich-handball.de\/?page_id=365\">Continue reading <span class=\"meta-nav\">&rarr;<\/span><\/a><\/p>\n","protected":false},"author":1,"featured_media":0,"parent":0,"menu_order":0,"comment_status":"closed","ping_status":"closed","template":"","meta":{"footnotes":""},"class_list":["post-365","page","type-page","status-publish","hentry"],"_links":{"self":[{"href":"http:\/\/berdich-handball.de\/index.php?rest_route=\/wp\/v2\/pages\/365","targetHints":{"allow":["GET"]}}],"collection":[{"href":"http:\/\/berdich-handball.de\/index.php?rest_route=\/wp\/v2\/pages"}],"about":[{"href":"http:\/\/berdich-handball.de\/index.php?rest_route=\/wp\/v2\/types\/page"}],"author":[{"embeddable":true,"href":"http:\/\/berdich-handball.de\/index.php?rest_route=\/wp\/v2\/users\/1"}],"replies":[{"embeddable":true,"href":"http:\/\/berdich-handball.de\/index.php?rest_route=%2Fwp%2Fv2%2Fcomments&post=365"}],"version-history":[{"count":8,"href":"http:\/\/berdich-handball.de\/index.php?rest_route=\/wp\/v2\/pages\/365\/revisions"}],"predecessor-version":[{"id":1009,"href":"http:\/\/berdich-handball.de\/index.php?rest_route=\/wp\/v2\/pages\/365\/revisions\/1009"}],"wp:attachment":[{"href":"http:\/\/berdich-handball.de\/index.php?rest_route=%2Fwp%2Fv2%2Fmedia&parent=365"}],"curies":[{"name":"wp","href":"https:\/\/api.w.org\/{rel}","templated":true}]}}