{"id":347,"date":"2012-10-27T18:25:13","date_gmt":"2012-10-27T16:25:13","guid":{"rendered":"http:\/\/berdich-handball.de\/?page_id=347"},"modified":"2014-01-17T16:25:57","modified_gmt":"2014-01-17T14:25:57","slug":"turnier-in-zirndorf","status":"publish","type":"page","link":"http:\/\/berdich-handball.de\/?page_id=347","title":{"rendered":"Turnier in Zirndorf"},"content":{"rendered":"<p><span style=\"color: #363636;\"><b>E-Junioren geben alles<\/b><\/span><br \/>\n<span>Geschrieben am Montag, 12.November von volker<\/span><br \/>\n<a href=\"http:\/\/www.hg-zirndorf.de\/search.php?query=&amp;topic=7\"><img decoding=\"async\" alt=\"Spielberichte aus der Jugendabteilung\" src=\"http:\/\/www.hg-zirndorf.de\/images\/topics\/spielbju.gif\" align=\"right\" border=\"0\" hspace=\"10\" vspace=\"10\" \/><\/a><\/p>\n<p>Sch\u00f6ner Arbeitstag in der heimischen Jahnturnhalle f\u00fcr die E-Jugend.<\/p>\n<p>Am verregneten Sonntag, den 11. November wurde es f\u00fcr die E-Jugend der HG ernst. Zwar wurde bereits ein Turnier in Stein im September gespielt, aber gef\u00fchlt ging die Saison erst heute los. Das Heimturnier in der Jahnhalle, welches in zwei Gruppen aufgeteilt war, startete die E1-Jugend um 9.30 Uhr gegen die HG Ansbach.<\/p>\n<p><img decoding=\"async\" alt=\"\" src=\"http:\/\/www.hg-zirndorf.de\/images\/Berichte\/e_jugend1112.jpg\" border=\"0\" \/><\/p>\n<p>Leider verschliefen die Jungs den Start und \u00fcberlie\u00dfen das Spielfeld nahezu kampflos der HG Ansbach. Diese hatten zwar mit einem alles \u00fcberragenden Torh\u00fcter und drei gut aufgelegten und spielerisch sehr f\u00e4higen Kindern ihre F\u00fchrung verdient. Aber kein Tor zur Pause war schon eine kl\u00e4gliche Bilanz. Im zweiten Durchgang wachten die Zirndorfer Jungs endlich auf und konnten diese H\u00e4lfte sogar offen gestalten und diesen mit ausgeglichenem Torverh\u00e4ltnis beenden. Zwei sch\u00f6ne Aktionen von Tim und ein starker Einsatz von Luca brachten die ersehnten Erfolge.<\/p>\n<p>Im zweiten Spiel ging es gegen die SpVgg M\u00f6geldorf. Gegen diese Mannschaft hatten wir im Sommer bei einem Spielfest noch verloren. Heute zeigte die Truppe, was in ihr steckt. Tim, Kai Braunbart, Luca, Fabio und Teo mit einem Doppelpack belohnten die engagierte Abwehrleistung mit einem k\u00e4mpferisch herausgespielten Sieg. Kai Bayer und Sebastian vernagelten auch nahezu das Tor, sodass den M\u00f6geldorfern trotz gut herausgespielter Aktionen, kaum Tore gelangen.<\/p>\n<p>Im dritten und letzten Spiel des ersten Blocks ging es gegen den MTV Stadeln. Diese traten unorthodox auf und spielten ein drei-drei System, das eher einer Fu\u00dfballaufstellung nahe kam. Denn drei Spieler schalteten sich kaum ins offensive Spiel ein. Jedoch gelang es den k\u00f6rperlich \u00fcberlegenen Stadelnern immer wieder zu Torerfolgen zu kommen. Leider fiel auch das extrem robuste und teilweise \u00fcbertrieben harte Spiel der Stadelner ins Auge. Bitterer H\u00f6hepunkt war eine T\u00e4tlichkeit eines Stadelner Zuschauers am Zirndorfer Trainer. Hier muss man sich wirklich fragen, was solche Leute in einer Sporthalle zu suchen haben. Den Kindern ist so etwas sicherlich kein Vorbild und sollte bei allem Ehrgeiz von Elternseite aus nicht vorkommen. So etwas habe ich in meiner 15-j\u00e4hrigen E-Jugendtrainert\u00e4tigkeit noch nie erlebt und bin wahrlich ersch\u00fcttert. Das das Spiel auch noch mit drei Toren Unterschied verloren ging, wurde angesichts dieser bizarren Situation eher zu einer Nebens\u00e4chlichkeit. Teo und Tim erzielten die Treffer in diesem Spiel.<\/p>\n<p>Im zweiten Block spielte die neuformierte E2-Jugend gegen Mannschaften aus dem westlichen Mittelfranken. Im ersten Spiel bekamen wir es mit einer starken Puschendorfer Truppe zu tun. Diese spielten hart, aber meist fair und setzten sich gekonnt ab. Wir mussten uns erst sortieren und finden, da einige Kinder ihr erstes Turnier spielten. Au\u00dferdem haben wir in dieser Kombination bisher noch nicht gespielt, da einige der M\u00e4dchen dienstags kombiniert mit der weiblichen D-Jugend trainieren. So ging das Spiel deutlich an den Gegner. Die Tore f\u00fcr Zirndorf erzielten Nora und Fabienne.<\/p>\n<p>Der TV Heilsbronn war der zweite Gegner. Auch merkte man, dass die Abstimmung noch nicht da war und auch dieses Spiel ging deutlich verloren. Den Ehrentreffer erzielte Sarah. Im dritten Spiel ging es gegen den TSV Lichtenau. Hier haben wir ein wenig experimentiert und es kam dem Spiel zu Gute. In den Halbzeiten eins und zwei spielten wir nach Geschlechtern getrennt und die M\u00e4dchen machten eine sehr gute Figur. Auch wenn es mit der Chancenverwertung noch happert, gaben sie sich redlich M\u00fche und k\u00e4mpften und spielten, so dass das Ergebnis wirklich zweitrangig war. Hut ab M\u00e4dels, das war eine tollte Leistung! Nora tankte sich einmal mehr durch und erzielte ihr zweites Tor an diesem Tag. In der zweiten Halbzeit taten sich die Jungs spielerisch etwas schwerer, aber bei Kai Braunbart platzte der Knoten und er erzielte in zwei Minuten zwei Tore. Weiter so Kai! Da es gegen Lichtenau so gut geklappt hatte, spielten wir mit dem gleichen System gegen Dietenhofen. Zwar m\u00fchten sich Jungs wie M\u00e4dels wirklich, aber lediglich Nora erzielte den einzigen Treffer f\u00fcr die Zirndorfer E2.<\/p>\n<p>Ein gro\u00dfer Dank geht an die vielen Eltern, die zum Erfolg dieses Turniertages beigetragen haben!<\/p>\n<p><em><strong>F\u00fcr die HG spielten:<\/strong> Aileen J\u00e4ger, Anastasia Friedel, Sarah Konrad, Leonie Naser, Nora Sch\u00f6pe, Fabienne Schubert, Lennart Baumgartner, Kai Bayer,\u00a0 Luca Bialowas, Kai Braunbart, Julian D\u00e4umler, Fabio Deinzer, Dominik Dewald, Hendrik Fra\u00df, Paul Heine, Teo Koch, Tim Lehmacher, Bastian Rattay , Eugen Rauh, Sebastian Schwarz, Ren\u00e9 Wahler.<\/em><br \/>\nDie genauen Spielpl\u00e4ne folgen (Diese werden vom Bezirk eingeteilt).<\/p>\n<div>Im E1 Block von 9.30 bis 11.30 spielen folgende Kinder:<br \/>\nTreffpunkt 9.00 Uhr in der Halle.<br \/>\n<strong>Kai Bayer<\/strong>, <strong>Luca<\/strong>, <strong>Kai Braunbart<\/strong>, <strong>Julian<\/strong>, <strong> Fabio<\/strong>, <strong>Dominik<\/strong>, <strong>Hendrik<\/strong>,\u00a0<strong>Teo<\/strong>, <strong>Tim<\/strong>, <strong>Sebastian<\/strong>, <strong>Ren\u00e9<\/strong><\/div>\n<p>(fettgedruckt = Zusage)<\/p>\n<p>9:30 HG Zirndorf\u00a0\u00a0\u00a0\u00a0\u00a0\u00a0\u00a0\u00a0\u00a0\u00a0\u00a0\u00a0\u00a0\u00a0\u00a0\u00a0\u00a0\u00a0\u00a0\u00a0\u00a0\u00a0\u00a0 HG Ansbach<br \/>\n9:50 MTV Stadeln\u00a0\u00a0\u00a0\u00a0\u00a0\u00a0\u00a0\u00a0\u00a0\u00a0\u00a0\u00a0\u00a0\u00a0\u00a0\u00a0\u00a0\u00a0\u00a0\u00a0\u00a0 SpVgg M\u00f6geldorf 2000<br \/>\n10:10 SpVgg M\u00f6geldorf 2000\u00a0 HG Zirndorf<br \/>\n10:30 HG Ansbach\u00a0\u00a0\u00a0\u00a0\u00a0\u00a0\u00a0\u00a0\u00a0\u00a0\u00a0\u00a0\u00a0\u00a0\u00a0\u00a0\u00a0\u00a0\u00a0\u00a0 MTV Stadeln<br \/>\n10:50 SpVgg M\u00f6geldorf 2000\u00a0 HG Ansbach<br \/>\n11:10 MTV Stadeln\u00a0\u00a0\u00a0\u00a0\u00a0\u00a0\u00a0\u00a0\u00a0\u00a0\u00a0\u00a0\u00a0\u00a0\u00a0\u00a0\u00a0\u00a0\u00a0 HG Zirndorf<\/p>\n<div>\n<p>Im E2 Block von 12.00 bis 15.20 Uhr spielen folgende Kinder:<br \/>\nTreffpunkt 11.30 Uhr in der Halle.<br \/>\n<strong>Aileen<\/strong>, <strong>Anastasia<\/strong>, <strong>Sarah<\/strong>, <strong>Leonie<\/strong>, <strong>Nora<\/strong>, <strong>Fabienne<\/strong>, <strong>Paul, Eugen<\/strong>, <strong>Lennart<\/strong>, <strong>Bastian<\/strong><\/p>\n<p>12:00 HG Zirndorf\u00a0\u00a0\u00a0\u00a0\u00a0\u00a0\u00a0 SV Puschendorf<br \/>\n12:20 TSV Lichtenau\u00a0\u00a0\u00a0 TV Dietenhofen<br \/>\n12:40 TV Heilsbronn\u00a0\u00a0\u00a0\u00a0 HG Zirndorf<br \/>\n13:00 SV Puschendorf\u00a0\u00a0 TSV Lichtenau<br \/>\n13:20 TV Dietenhofen\u00a0\u00a0 TV Heilsbronn<br \/>\n13:40 HG Zirndorf\u00a0\u00a0\u00a0\u00a0\u00a0\u00a0\u00a0\u00a0 TSV Lichtenau<br \/>\n14:00 SV Puschendorf\u00a0 TV Dietenhofen<br \/>\n14:20 TSV Lichtenau\u00a0\u00a0\u00a0 TV Heilsbronn<br \/>\n14:40 TV Dietenhofen\u00a0\u00a0 HG Zirndorf<br \/>\n15:00 TV Heilsbronn\u00a0\u00a0\u00a0\u00a0 SV Puschendorf<\/p>\n<p>Ich bitte mir per Email bescheid zu geben, ob Euer Kind teilnehmen kann. Falls Ihr verhindert seid, bitte ich um eine kurze Information, so dass ich zur Not die Mannschaften noch umstellen kann.<\/p>\n<\/div>\n<p>&nbsp;<\/p>\n","protected":false},"excerpt":{"rendered":"<p>E-Junioren geben alles Geschrieben am Montag, 12.November von volker Sch\u00f6ner Arbeitstag in der heimischen Jahnturnhalle f\u00fcr die E-Jugend. Am verregneten Sonntag, den 11. November wurde es f\u00fcr die E-Jugend der HG ernst. Zwar wurde bereits ein Turnier in Stein im &hellip; <a href=\"http:\/\/berdich-handball.de\/?page_id=347\">Continue reading <span class=\"meta-nav\">&rarr;<\/span><\/a><\/p>\n","protected":false},"author":1,"featured_media":0,"parent":0,"menu_order":0,"comment_status":"closed","ping_status":"closed","template":"","meta":{"footnotes":""},"class_list":["post-347","page","type-page","status-publish","hentry"],"_links":{"self":[{"href":"http:\/\/berdich-handball.de\/index.php?rest_route=\/wp\/v2\/pages\/347","targetHints":{"allow":["GET"]}}],"collection":[{"href":"http:\/\/berdich-handball.de\/index.php?rest_route=\/wp\/v2\/pages"}],"about":[{"href":"http:\/\/berdich-handball.de\/index.php?rest_route=\/wp\/v2\/types\/page"}],"author":[{"embeddable":true,"href":"http:\/\/berdich-handball.de\/index.php?rest_route=\/wp\/v2\/users\/1"}],"replies":[{"embeddable":true,"href":"http:\/\/berdich-handball.de\/index.php?rest_route=%2Fwp%2Fv2%2Fcomments&post=347"}],"version-history":[{"count":15,"href":"http:\/\/berdich-handball.de\/index.php?rest_route=\/wp\/v2\/pages\/347\/revisions"}],"predecessor-version":[{"id":1033,"href":"http:\/\/berdich-handball.de\/index.php?rest_route=\/wp\/v2\/pages\/347\/revisions\/1033"}],"wp:attachment":[{"href":"http:\/\/berdich-handball.de\/index.php?rest_route=%2Fwp%2Fv2%2Fmedia&parent=347"}],"curies":[{"name":"wp","href":"https:\/\/api.w.org\/{rel}","templated":true}]}}