{"id":244,"date":"2012-04-29T16:52:46","date_gmt":"2012-04-29T14:52:46","guid":{"rendered":"http:\/\/berdich-handball.de\/?page_id=244"},"modified":"2012-05-06T20:19:21","modified_gmt":"2012-05-06T18:19:21","slug":"turnier-beim-tsv-altenberg","status":"publish","type":"page","link":"http:\/\/berdich-handball.de\/?page_id=244","title":{"rendered":"Turnier beim TSV Altenberg"},"content":{"rendered":"<p>Wir spielen am Samstag, den 12.05. in Altenberg (in der Halle der Pestalozzi-Grundschule in Oberasbach)<br \/>\nTreffpunkt: 8.30 Uhr an der Jahnhalle in Zirndorf<br \/>\nWer direkt f\u00e4hrt, melde sich bitte rechtzeitig per Email, Telefon oder m\u00fcndlich ab, so dass wir nicht unn\u00f6tig lange am Treffpunkt warten m\u00fcssen.<br \/>\nTreffpunkt in Altenberg ist 8.45 Uhr.<\/p>\n<p>Wegbeschreibung des TSV Altenberg:<\/p>\n<p><span style=\"font-family: Arial; font-size: x-small;\">Achtung &#8211; wir spielen in der<strong> <a title=\"Wegbeschreibung\" href=\"http:\/\/maps.google.de\/maps?f=q&amp;source=embed&amp;hl=de&amp;geocode=&amp;q=Schulstra%C3%9Fe+2,+90522+Oberasbach&amp;sll=49.427779,10.970879&amp;sspn=0.019793,0.038066&amp;ie=UTF8&amp;hq=&amp;hnear=Schulstra%C3%9Fe+2,+Unterasbach+90522+Oberasbach,+F%C3%BCrth,+Bayern&amp;z=14&amp;ll=49.42777,10.97087\" target=\"_blank\">Halle der Pestalozzi  Grund- und Mittelschule Oberasbach (Schulstra\u00dfe 2, 90522 Oberasbach)<\/a><\/strong> und  nicht wie sonst in der Halle vom Sportzentrum oder im Gymnasium.<\/span><\/p>\n<p><a title=\"blocked::http:\/\/maps.google.de\/maps?f=q&amp;source=embed&amp;hl=de&amp;geocode=&amp;q=Schulstra\u00c3\u009fe+2,+90522+Oberasbach&amp;sll=49.427779,10.970879&amp;sspn=0.019793,0.038066&amp;ie=UTF8&amp;hq=&amp;hnear=Schulstra\u00c3\u009fe+2,+Unterasbach+90522+Oberasbach,+F\u00c3\u00bcrth,+Bayern&amp;z=14&amp;ll=49.42777,10.97087\" href=\"http:\/\/maps.google.de\/maps?f=q&amp;source=embed&amp;hl=de&amp;geocode=&amp;q=Schulstra%C3%9Fe+2,+90522+Oberasbach&amp;sll=49.427779,10.970879&amp;sspn=0.019793,0.038066&amp;ie=UTF8&amp;hq=&amp;hnear=Schulstra%C3%9Fe+2,+Unterasbach+90522+Oberasbach,+F%C3%BCrth,+Bayern&amp;z=14&amp;ll=49.42777,10.97087\"><span style=\"text-decoration: underline;\" title=\"blocked::http:\/\/maps.google.de\/maps?f=q&amp;source=embed&amp;hl=de&amp;geocode=&amp;q=Schulstra\u00c3\u009fe+2,+90522+Oberasbach&amp;sll=49.427779,10.970879&amp;sspn=0.019793,0.038066&amp;ie=UTF8&amp;hq=&amp;hnear=Schulstra\u00c3\u009fe+2,+Unterasbach+90522+Oberasbach,+F\u00c3\u00bcrth,+Bayern&amp;z=14&amp;ll=49.42777,10.97087\"><span style=\"color: #0000ff; font-family: Arial; font-size: x-small;\" title=\"blocked::http:\/\/maps.google.de\/maps?f=q&amp;source=embed&amp;hl=de&amp;geocode=&amp;q=Schulstra\u00c3\u009fe+2,+90522+Oberasbach&amp;sll=49.427779,10.970879&amp;sspn=0.019793,0.038066&amp;ie=UTF8&amp;hq=&amp;hnear=Schulstra\u00c3\u009fe+2,+Unterasbach+90522+Oberasbach,+F\u00c3\u00bcrth,+Bayern&amp;z=14&amp;ll=49.42777,10.97087\"> <\/span><\/span><\/a><\/p>\n<p><a href=\"http:\/\/berdich-handball.de\/wp-content\/uploads\/2012\/04\/AltenbergTurnier.gif\"><img loading=\"lazy\" decoding=\"async\" class=\"alignnone size-full wp-image-245\" title=\"AltenbergTurnier\" src=\"http:\/\/berdich-handball.de\/wp-content\/uploads\/2012\/04\/AltenbergTurnier.gif\" alt=\"\" width=\"626\" height=\"498\" srcset=\"http:\/\/berdich-handball.de\/wp-content\/uploads\/2012\/04\/AltenbergTurnier.gif 626w, http:\/\/berdich-handball.de\/wp-content\/uploads\/2012\/04\/AltenbergTurnier-300x238.gif 300w\" sizes=\"auto, (max-width: 626px) 100vw, 626px\" \/><\/a><br \/>\nZusagen: Dominik(direkt), Luca, Aileen, Henrik, Paul (Jahn), Julian, Teo (direkt), Tim (direkt)<br \/>\nAbsagen: Kay, Gabriel (CoTrainer)<br \/>\nNoch unklar: Pascal, Fabio, Ren\u00e9,<br \/>\nBei den M\u00e4dchen: Nora, Fabienne und Leonie<\/p>\n","protected":false},"excerpt":{"rendered":"<p>Wir spielen am Samstag, den 12.05. in Altenberg (in der Halle der Pestalozzi-Grundschule in Oberasbach) Treffpunkt: 8.30 Uhr an der Jahnhalle in Zirndorf Wer direkt f\u00e4hrt, melde sich bitte rechtzeitig per Email, Telefon oder m\u00fcndlich ab, so dass wir nicht &hellip; <a href=\"http:\/\/berdich-handball.de\/?page_id=244\">Continue reading <span class=\"meta-nav\">&rarr;<\/span><\/a><\/p>\n","protected":false},"author":1,"featured_media":0,"parent":0,"menu_order":0,"comment_status":"closed","ping_status":"closed","template":"","meta":{"footnotes":""},"class_list":["post-244","page","type-page","status-publish","hentry"],"_links":{"self":[{"href":"http:\/\/berdich-handball.de\/index.php?rest_route=\/wp\/v2\/pages\/244","targetHints":{"allow":["GET"]}}],"collection":[{"href":"http:\/\/berdich-handball.de\/index.php?rest_route=\/wp\/v2\/pages"}],"about":[{"href":"http:\/\/berdich-handball.de\/index.php?rest_route=\/wp\/v2\/types\/page"}],"author":[{"embeddable":true,"href":"http:\/\/berdich-handball.de\/index.php?rest_route=\/wp\/v2\/users\/1"}],"replies":[{"embeddable":true,"href":"http:\/\/berdich-handball.de\/index.php?rest_route=%2Fwp%2Fv2%2Fcomments&post=244"}],"version-history":[{"count":9,"href":"http:\/\/berdich-handball.de\/index.php?rest_route=\/wp\/v2\/pages\/244\/revisions"}],"predecessor-version":[{"id":265,"href":"http:\/\/berdich-handball.de\/index.php?rest_route=\/wp\/v2\/pages\/244\/revisions\/265"}],"wp:attachment":[{"href":"http:\/\/berdich-handball.de\/index.php?rest_route=%2Fwp%2Fv2%2Fmedia&parent=244"}],"curies":[{"name":"wp","href":"https:\/\/api.w.org\/{rel}","templated":true}]}}