{"id":161,"date":"2012-04-14T20:43:04","date_gmt":"2012-04-14T18:43:04","guid":{"rendered":"http:\/\/berdich-handball.de\/?page_id=161"},"modified":"2015-03-18T10:11:59","modified_gmt":"2015-03-18T08:11:59","slug":"2-trainingseinheit","status":"publish","type":"page","link":"http:\/\/berdich-handball.de\/?page_id=161","title":{"rendered":"3. Trainingseinheit"},"content":{"rendered":"<p>Wer eine dritte oder gar vierte Trainingseinheit nutzen m\u00f6chte hat die M\u00f6glichkeit mittwochs und freitags bei der D1-Jugend mit zu trainieren.<\/p>\n<p>J\u00fcrgen Schmidt (Josch) (Tel.: 0911-6995181 Mail: joschenibas@odn.de)<\/p>\n<p>Mi Gymnasiumhalle, Oberasbach 17.00 Uhr \u2013 18.45Uhr<\/p>\n<p>Fr Realschulhalle, Zirndorf 16.00 Uhr\u00a0 \u2013 18.00 Uhr<\/p>\n","protected":false},"excerpt":{"rendered":"<p>Wer eine dritte oder gar vierte Trainingseinheit nutzen m\u00f6chte hat die M\u00f6glichkeit mittwochs und freitags bei der D1-Jugend mit zu trainieren. J\u00fcrgen Schmidt (Josch) (Tel.: 0911-6995181 Mail: joschenibas@odn.de) Mi Gymnasiumhalle, Oberasbach 17.00 Uhr \u2013 18.45Uhr Fr Realschulhalle, Zirndorf 16.00 Uhr\u00a0 &hellip; <a href=\"http:\/\/berdich-handball.de\/?page_id=161\">Continue reading <span class=\"meta-nav\">&rarr;<\/span><\/a><\/p>\n","protected":false},"author":1,"featured_media":0,"parent":0,"menu_order":0,"comment_status":"closed","ping_status":"closed","template":"","meta":{"footnotes":""},"class_list":["post-161","page","type-page","status-publish","hentry"],"_links":{"self":[{"href":"http:\/\/berdich-handball.de\/index.php?rest_route=\/wp\/v2\/pages\/161","targetHints":{"allow":["GET"]}}],"collection":[{"href":"http:\/\/berdich-handball.de\/index.php?rest_route=\/wp\/v2\/pages"}],"about":[{"href":"http:\/\/berdich-handball.de\/index.php?rest_route=\/wp\/v2\/types\/page"}],"author":[{"embeddable":true,"href":"http:\/\/berdich-handball.de\/index.php?rest_route=\/wp\/v2\/users\/1"}],"replies":[{"embeddable":true,"href":"http:\/\/berdich-handball.de\/index.php?rest_route=%2Fwp%2Fv2%2Fcomments&post=161"}],"version-history":[{"count":8,"href":"http:\/\/berdich-handball.de\/index.php?rest_route=\/wp\/v2\/pages\/161\/revisions"}],"predecessor-version":[{"id":1141,"href":"http:\/\/berdich-handball.de\/index.php?rest_route=\/wp\/v2\/pages\/161\/revisions\/1141"}],"wp:attachment":[{"href":"http:\/\/berdich-handball.de\/index.php?rest_route=%2Fwp%2Fv2%2Fmedia&parent=161"}],"curies":[{"name":"wp","href":"https:\/\/api.w.org\/{rel}","templated":true}]}}