{"id":12,"date":"2012-04-13T10:06:29","date_gmt":"2012-04-13T10:06:29","guid":{"rendered":"http:\/\/berdich-handball.de\/?page_id=12"},"modified":"2013-04-17T21:45:37","modified_gmt":"2013-04-17T19:45:37","slug":"grundsatzliches","status":"publish","type":"page","link":"http:\/\/berdich-handball.de\/?page_id=12","title":{"rendered":"Grunds\u00e4tzliches"},"content":{"rendered":"<p>Im Kinderhandball gibt es ein Konezpt des Deutschen Handball Bundes. Auf dieses Konzept st\u00fctze ich meine Trainingsarbeit.<\/p>\n<p>Au\u00dferdem wird in den Unterrubriken etwas zu den Regeln erkl\u00e4rt oder wie der Wechsel in die n\u00e4chsth\u00f6here Jugend abl\u00e4uft.<\/p>\n<p>Ich hoffe, dass durch diese Seite ein wenig Klarheit in Bezug auf die Trainingsarbeit entsteht.<\/p>\n<p><a href=\"https:\/\/docs.google.com\/spreadsheet\/ccc?key=0ApoHobMnOiaudGxjSzhNWkFzZkZnMGRIaGdfZFFLZ2c#gid=0\" target=\"_blank\">Link zur Trikotwaschseite<\/a><\/p>\n","protected":false},"excerpt":{"rendered":"<p>Im Kinderhandball gibt es ein Konezpt des Deutschen Handball Bundes. Auf dieses Konzept st\u00fctze ich meine Trainingsarbeit. Au\u00dferdem wird in den Unterrubriken etwas zu den Regeln erkl\u00e4rt oder wie der Wechsel in die n\u00e4chsth\u00f6here Jugend abl\u00e4uft. Ich hoffe, dass durch &hellip; <a href=\"http:\/\/berdich-handball.de\/?page_id=12\">Continue reading <span class=\"meta-nav\">&rarr;<\/span><\/a><\/p>\n","protected":false},"author":1,"featured_media":0,"parent":0,"menu_order":0,"comment_status":"open","ping_status":"open","template":"","meta":{"footnotes":""},"class_list":["post-12","page","type-page","status-publish","hentry"],"_links":{"self":[{"href":"http:\/\/berdich-handball.de\/index.php?rest_route=\/wp\/v2\/pages\/12","targetHints":{"allow":["GET"]}}],"collection":[{"href":"http:\/\/berdich-handball.de\/index.php?rest_route=\/wp\/v2\/pages"}],"about":[{"href":"http:\/\/berdich-handball.de\/index.php?rest_route=\/wp\/v2\/types\/page"}],"author":[{"embeddable":true,"href":"http:\/\/berdich-handball.de\/index.php?rest_route=\/wp\/v2\/users\/1"}],"replies":[{"embeddable":true,"href":"http:\/\/berdich-handball.de\/index.php?rest_route=%2Fwp%2Fv2%2Fcomments&post=12"}],"version-history":[{"count":5,"href":"http:\/\/berdich-handball.de\/index.php?rest_route=\/wp\/v2\/pages\/12\/revisions"}],"predecessor-version":[{"id":744,"href":"http:\/\/berdich-handball.de\/index.php?rest_route=\/wp\/v2\/pages\/12\/revisions\/744"}],"wp:attachment":[{"href":"http:\/\/berdich-handball.de\/index.php?rest_route=%2Fwp%2Fv2%2Fmedia&parent=12"}],"curies":[{"name":"wp","href":"https:\/\/api.w.org\/{rel}","templated":true}]}}