{"id":1105,"date":"2014-03-02T13:09:59","date_gmt":"2014-03-02T11:09:59","guid":{"rendered":"http:\/\/berdich-handball.de\/?page_id=1105"},"modified":"2014-03-02T13:11:49","modified_gmt":"2014-03-02T11:11:49","slug":"weihnachtsfeier","status":"publish","type":"page","link":"http:\/\/berdich-handball.de\/?page_id=1105","title":{"rendered":"Weihnachtsfeier"},"content":{"rendered":"<p>Informationen zur j\u00e4hrlichen Weihnachtsfeier:<\/p>\n<p>Stand: Dezember 2013<\/p>\n<p>Die Jugendweihnachtsfeier der HG Zirndorf findet\u00a0 am 14.12.2013 um 16.00 Uhr an der \u201eAlten Veste&#8221; statt.<\/p>\n<p>Eingeladen sind alle Spieler und Spielerinnen, aber nat\u00fcrlich auch die Eltern und die Omas und Opas, die ihre Kinder das ganze Jahr unterst\u00fctzen.<\/p>\n<p>Dort gibt es f\u00fcr die Kinder eine kleine Schnitzeljagd. Anschlie\u00dfend machen wir eine Fackelwanderung hinunter zur Jahnhalle.<\/p>\n<p>Dort gibt es Wienerle und Gl\u00fchwein bzw. Kinderpunsch.<\/p>\n<p>Sch\u00f6n w\u00e4re es, wenn wir wieder einige flei\u00dfige Pl\u00e4tzchen- oder Kuchenb\u00e4ckerinnen h\u00e4tten, die uns ein paar ihrer Leckereien spenden und damit das Angebot erg\u00e4nzen w\u00fcrden.<\/p>\n<p>Es gibt einen Schuttlebus, mit dem man von der Jahnhalle zur\u00fcck an die alte Veste gebracht werden kann, um sein Auto wieder zu holen.<\/p>\n<p>Vielleicht kommt ja auch der Weihnachtsmann oder das Christkind und bringt auch noch Geschenke f\u00fcr alle mit.<\/p>\n<p>Die ganze Feier findet drau\u00dfen statt, also bitte warm anziehen!!<\/p>\n<p>Wir freuen uns auf euer Kommen<\/p>\n<p>die Jugendleitung der HG Zirndorf<\/p>\n<p>&nbsp;<\/p>\n<p>&nbsp;<\/p>\n<p>&nbsp;<\/p>\n<p>&nbsp;<\/p>\n<p>Siehe unter Termine bzw. unter Turniere&#8230;<\/p>\n<table cellspacing=\"0\" cellpadding=\"0\" align=\"left\">\n<tbody>\n<tr>\n<td width=\"493\" height=\"12\"><\/td>\n<\/tr>\n<tr>\n<td><\/td>\n<td><\/td>\n<\/tr>\n<\/tbody>\n<\/table>\n<p align=\"center\">Einladung zur Jugendweihnachtsfeier<\/p>\n<p align=\"center\">der HG Zirndorf<\/p>\n<p align=\"center\">\n<table border=\"1\" cellspacing=\"0\" cellpadding=\"0\">\n<tbody>\n<tr>\n<td valign=\"top\" width=\"652\">\n<p align=\"center\">\n<p align=\"center\">am 14.12.2013 um 16.00 Uhr<\/p>\n<p align=\"center\">an der \u201eAlte Veste\u201c.<\/p>\n<p align=\"center\">\n<\/td>\n<\/tr>\n<\/tbody>\n<\/table>\n<p align=\"center\">\n<p align=\"center\">Eingeladen sind alle Spieler und Spielerinnen, aber nat\u00fcrlich auch die Eltern und die Omas und Opas, die ihre Kinder das ganze Jahr unterst\u00fctzen.<\/p>\n<p align=\"center\">\n<p align=\"center\">Dort gibt es f\u00fcr die Kinder eine kleine Schnitzeljagd. Anschlie\u00dfend machen wir eine Fackelwanderung hinunter zur Jahnhalle.<\/p>\n<p align=\"center\">Dort gibt es Wienerle und Gl\u00fchwein bzw. Kinderpunsch.<\/p>\n<p align=\"center\">Sch\u00f6n w\u00e4re es, wenn wir wieder einige flei\u00dfige Pl\u00e4tzchen- oder Kuchenb\u00e4ckerinnen h\u00e4tten, die uns ein paar ihrer Leckereien spenden und damit das Angebot erg\u00e4nzen w\u00fcrden.<\/p>\n<p align=\"center\">\n<p align=\"center\">Es gibt einen Schuttlebus, mit dem man von der Jahnhalle zur\u00fcck an die alte Veste gebracht werden kann, um sein Auto wieder zu holen.<\/p>\n<p align=\"center\">Vielleicht kommt ja auch der Weihnachtsmann oder das Christkind und bringt auch noch Geschenke f\u00fcr alle mit.<\/p>\n<p align=\"center\">\n<p align=\"center\">Die ganze Feier findet drau\u00dfen statt, also bitte warm anziehen!!<\/p>\n<p align=\"center\">\n<p align=\"center\"><b>Wir freuen uns auf euer Kommen<\/b><\/p>\n<p align=\"center\"><b>die Jugendleitung der HG Zirndorf<\/b><\/p>\n<p align=\"center\"><b>\u00a0<\/b><\/p>\n<div>\n<p align=\"center\">\n<p align=\"center\">\n<\/div>\n","protected":false},"excerpt":{"rendered":"<p>Informationen zur j\u00e4hrlichen Weihnachtsfeier: Stand: Dezember 2013 Die Jugendweihnachtsfeier der HG Zirndorf findet\u00a0 am 14.12.2013 um 16.00 Uhr an der \u201eAlten Veste&#8221; statt. Eingeladen sind alle Spieler und Spielerinnen, aber nat\u00fcrlich auch die Eltern und die Omas und Opas, die &hellip; <a href=\"http:\/\/berdich-handball.de\/?page_id=1105\">Continue reading <span class=\"meta-nav\">&rarr;<\/span><\/a><\/p>\n","protected":false},"author":1,"featured_media":0,"parent":0,"menu_order":0,"comment_status":"closed","ping_status":"closed","template":"","meta":{"footnotes":""},"class_list":["post-1105","page","type-page","status-publish","hentry"],"_links":{"self":[{"href":"http:\/\/berdich-handball.de\/index.php?rest_route=\/wp\/v2\/pages\/1105","targetHints":{"allow":["GET"]}}],"collection":[{"href":"http:\/\/berdich-handball.de\/index.php?rest_route=\/wp\/v2\/pages"}],"about":[{"href":"http:\/\/berdich-handball.de\/index.php?rest_route=\/wp\/v2\/types\/page"}],"author":[{"embeddable":true,"href":"http:\/\/berdich-handball.de\/index.php?rest_route=\/wp\/v2\/users\/1"}],"replies":[{"embeddable":true,"href":"http:\/\/berdich-handball.de\/index.php?rest_route=%2Fwp%2Fv2%2Fcomments&post=1105"}],"version-history":[{"count":2,"href":"http:\/\/berdich-handball.de\/index.php?rest_route=\/wp\/v2\/pages\/1105\/revisions"}],"predecessor-version":[{"id":1108,"href":"http:\/\/berdich-handball.de\/index.php?rest_route=\/wp\/v2\/pages\/1105\/revisions\/1108"}],"wp:attachment":[{"href":"http:\/\/berdich-handball.de\/index.php?rest_route=%2Fwp%2Fv2%2Fmedia&parent=1105"}],"curies":[{"name":"wp","href":"https:\/\/api.w.org\/{rel}","templated":true}]}}